{"id":6132,"date":"2019-03-05T08:52:36","date_gmt":"2019-03-05T07:52:36","guid":{"rendered":"https:\/\/www.auraholistichealth.org\/politique-de-confidentialite\/"},"modified":"2024-10-22T16:43:51","modified_gmt":"2024-10-22T14:43:51","slug":"politique-de-confidentialite","status":"publish","type":"page","link":"https:\/\/www.auraholistichealth.org\/fr\/politique-de-confidentialite\/","title":{"rendered":"Politique de confidentialit\u00e9"},"content":{"rendered":"\t\t<div data-elementor-type=\"wp-page\" data-elementor-id=\"6132\" class=\"elementor elementor-6132\" data-elementor-post-type=\"page\">\n\t\t\t\t<div class=\"elementor-element elementor-element-29eacd0 e-flex e-con-boxed e-con e-parent\" data-id=\"29eacd0\" data-element_type=\"container\" data-e-type=\"container\" data-settings=\"{&quot;background_background&quot;:&quot;classic&quot;}\">\n\t\t\t\t\t<div class=\"e-con-inner\">\n\t\t<div class=\"elementor-element elementor-element-c90c92b e-con-full e-flex e-con e-child\" data-id=\"c90c92b\" data-element_type=\"container\" data-e-type=\"container\">\n\t\t\t\t<\/div>\n\t\t\t\t\t<\/div>\n\t\t\t\t<\/div>\n\t\t<div class=\"elementor-element elementor-element-c1102cb e-con-full e-flex e-con e-parent\" data-id=\"c1102cb\" data-element_type=\"container\" data-e-type=\"container\" data-settings=\"{&quot;background_background&quot;:&quot;classic&quot;}\">\n\t\t\t\t<div class=\"elementor-element elementor-element-871f595 elementor-widget__width-initial elementor-widget elementor-widget-text-editor\" data-id=\"871f595\" data-element_type=\"widget\" data-e-type=\"widget\" data-widget_type=\"text-editor.default\">\n\t\t\t\t<div class=\"elementor-widget-container\">\n\t\t\t\t\t\t\t\t\t<h4>1. Introduction et champ d&rsquo;application<\/h4>\n<p>Aura Holistic Health Organisation LTD (https:\/\/www.auraholistichealth.org\/) s&rsquo;engage \u00e0 prot\u00e9ger vos donn\u00e9es personnelles. Cette politique de confidentialit\u00e9 explique comment nous traitons les donn\u00e9es personnelles que vous nous fournissez ou que nous recueillons aupr\u00e8s de vous lorsque vous utilisez nos services ou interagissez avec notre site web. Cette politique s&rsquo;applique chaque fois que nous agissons en tant que contr\u00f4leur de donn\u00e9es pour le traitement de vos donn\u00e9es.  <\/p>\n<p>Si vous \u00eates r\u00e9sident californien et que le California Consumer Privacy Act (\u00ab\u00a0CCPA\u00a0\u00bb) s&rsquo;applique \u00e0 vous, veuillez consulter les informations compl\u00e9mentaires \u00e0 la pr\u00e9sente politique de confidentialit\u00e9 dans la <a href=\"https:\/\/www.auraholistichealth.org\/fr\/informations-complementaires-pour-les-residents-de-californie-california-consumer-privacy-act-ccpa\/\">d\u00e9claration de confidentialit\u00e9 pour les r\u00e9sidents californiens<\/a>. Les r\u00e9sidents d&rsquo;autres \u00c9tats am\u00e9ricains disposent de droits et de conditions suppl\u00e9mentaires d\u00e9taill\u00e9s dans la <a href=\"https:\/\/www.auraholistichealth.org\/fr\/informations-complementaires-pour-les-residents-des-etats-unis-declaration-de-confidentialite-de-la-region-des-etats-unis\/\">d\u00e9claration de confidentialit\u00e9 pour la r\u00e9gion des \u00c9tats-Unis<\/a>. <\/p>\n<h4>2.Informations sur le contr\u00f4leur de donn\u00e9es<\/h4>\n<p>Nous sommes le responsable du traitement des donn\u00e9es personnelles de nos utilisateurs et de nos partenaires commerciaux. Vous trouverez nos coordonn\u00e9es ci-dessous : <\/p>\n<p>Aura Holistic Health Organisation LTD<br \/>112c High Street, Hadleigh,<br \/>Ipswich, England, IP7 5EL<br \/>C.N. : 14863581 <br \/>Email : info@auraholistichealth.org (Veuillez inclure \u00ab\u00a0Privacy Policy\u00a0\u00bb dans la ligne d&rsquo;objet)<\/p>\n<p>N&rsquo;h\u00e9sitez pas \u00e0 nous contacter pour toute question concernant le traitement de vos donn\u00e9es, pour exercer vos droits, pour modifier ou supprimer vos donn\u00e9es personnelles, ou pour vous renseigner sur cette politique de confidentialit\u00e9.<\/p>\n<h4>3. activit\u00e9s de traitement des donn\u00e9es<\/h4>\n<h6>3.1 Visite du site web<\/h6>\n<p>Lorsque vous visitez notre site web (https:\/\/www.auraholistichealth.org\/), nous utilisons des cookies n\u00e9cessaires \u00e0 la fonctionnalit\u00e9 du site. Vous trouverez plus d&rsquo;informations \u00e0 ce sujet dans notre <a href=\"https:\/\/www.auraholistichealth.org\/fr\/preferences-dexclusion-politique-en-matiere-de-cookies\/\">politique en mati\u00e8re de cookies<\/a>. Vous pouvez \u00e0 tout moment refuser l&rsquo;utilisation de cookies en modifiant les param\u00e8tres correspondants de votre navigateur.    <\/p>\n<h6>3.2 Communication avec les utilisateurs ou les utilisateurs potentiels<\/h6>\n<p>Lorsque vous nous contactez pour poser des questions sur notre site ou nos services par courrier \u00e9lectronique ou par le biais d&rsquo;un formulaire de contact, nous traitons vos donn\u00e9es personnelles afin de r\u00e9pondre \u00e0 vos demandes. Les donn\u00e9es trait\u00e9es comprennent g\u00e9n\u00e9ralement votre nom et votre adresse \u00e9lectronique. Notre autorisation de traiter ces donn\u00e9es personnelles est bas\u00e9e sur l&rsquo;article 6(1)(f) du GDPR &#8211; int\u00e9r\u00eats l\u00e9gitimes.  <\/p>\n<h6>3.3 Bulletin d&rsquo;information<\/h6>\n<p>Nous vous proposons de vous abonner volontairement \u00e0 une lettre d&rsquo;information. L&rsquo;objectif est d&rsquo;envoyer des courriels contenant de nouvelles informations de l&rsquo;entreprise, y compris du nouveau contenu sur le site web et de la publicit\u00e9 pour nos services. Notre autorisation de traiter vos donn\u00e9es personnelles (adresse \u00e9lectronique) pour la lettre d&rsquo;information est fond\u00e9e sur l&rsquo;article 6, paragraphe 1, point a), du r\u00e8glement GDPR &#8211; consentement.  <\/p>\n<h6>3.4 Membres de la plate-forme Aura<\/h6>\n<p>Nous communiquons avec nos utilisateurs pour assurer la bonne prestation des services. Cela peut inclure le traitement d&rsquo;informations telles que le nom, l&rsquo;adresse \u00e9lectronique, l&rsquo;adresse, les services, les accords sp\u00e9ciaux, les informations de paiement et les donn\u00e9es techniques telles que l&rsquo;adresse IP et la localisation g\u00e9ographique. Notre autorit\u00e9 pour traiter ces donn\u00e9es personnelles est bas\u00e9e sur l&rsquo;article 6(1)(b) du GDPR &#8211; ex\u00e9cution d&rsquo;un contrat.  <\/p>\n<h6>3.5 Modes de paiement<\/h6>\n<p>Lorsque vous achetez un article sur notre boutique en ligne (Aura shop), vos informations de paiement sont trait\u00e9es par une passerelle de paiement. Les fournisseurs de ces passerelles agissent en tant que contr\u00f4leurs de donn\u00e9es distincts. Notre autorisation de traiter vos donn\u00e9es personnelles (informations de facturation) pour les paiements est bas\u00e9e sur l&rsquo;article 6, paragraphe 1, points a) et f) du GDPR &#8211; consentement et int\u00e9r\u00eats l\u00e9gitimes.  <\/p>\n<h6>3.6 Exp\u00e9dition<\/h6>\n<p>Si vous recevez des marchandises de notre entrep\u00f4t, nous traitons les num\u00e9ros de commande et les coordonn\u00e9es du client \u00e0 des fins d&rsquo;exp\u00e9dition. Les donn\u00e9es personnelles sont transf\u00e9r\u00e9es \u00e0 la soci\u00e9t\u00e9 de transport charg\u00e9e de la livraison. Notre autorisation de traiter ces donn\u00e9es (nom, adresse, num\u00e9ro de t\u00e9l\u00e9phone portable, adresse \u00e9lectronique) est fond\u00e9e sur l&rsquo;article 6, paragraphe 1, point a), du GDPR &#8211; consentement.  <\/p>\n<h6>3.7 Comptabilit\u00e9<\/h6>\n<p>Nous conservons tous les documents comptables, y compris les factures, \u00e0 des fins comptables, qui peuvent contenir des donn\u00e9es personnelles g\u00e9n\u00e9rales telles que le nom et l&rsquo;adresse. Notre autorisation de traiter ces donn\u00e9es \u00e0 des fins comptables est fond\u00e9e sur l&rsquo;article 6, paragraphe 1, point c), du RGPD, \u00e0 savoir le respect d&rsquo;une obligation l\u00e9gale. <\/p>\n<h6>3.8 Plaintes<\/h6>\n<p>Vous pouvez nous contacter pour d\u00e9poser une plainte \u00e0 l&rsquo;adresse info@auraholistichealth.org. Nous traiterons votre plainte conform\u00e9ment \u00e0 la l\u00e9gislation applicable dans un d\u00e9lai de 28 jours ou nous vous informerons si un d\u00e9lai suppl\u00e9mentaire est n\u00e9cessaire. <\/p>\n<h4>4. les processeurs de donn\u00e9es<\/h4>\n<p>Nous faisons appel \u00e0 des partenaires commerciaux et \u00e0 des fournisseurs (sous-traitants) pour traiter les donn\u00e9es \u00e0 caract\u00e8re personnel en notre nom, en veillant \u00e0 ce qu&rsquo;ils respectent nos normes en mati\u00e8re de protection des donn\u00e9es. Nous concluons des accords avec ces sous-traitants pour prot\u00e9ger vos donn\u00e9es personnelles. <\/p>\n<h4>5. divulgation de donn\u00e9es \u00e0 caract\u00e8re personnel<\/h4>\n<p>Nous transf\u00e9rons des donn\u00e9es \u00e0 caract\u00e8re personnel \u00e0 des tiers, y compris des prestataires de services et des partenaires commerciaux, pour nous aider \u00e0 fournir nos services. Tous les transferts sont effectu\u00e9s dans le respect de pratiques strictes en mati\u00e8re de protection des donn\u00e9es et de la vie priv\u00e9e. <\/p>\n<h4>6. Transferts vers les pays tiers<\/h4>\n<p>Nous utilisons principalement des sous-traitants de donn\u00e9es au sein de l&rsquo;UE\/EEE. Si n\u00e9cessaire, les donn\u00e9es peuvent \u00eatre transf\u00e9r\u00e9es \u00e0 des sous-traitants situ\u00e9s en dehors de l&rsquo;UE\/EEE, \u00e0 condition qu&rsquo;ils assurent une protection ad\u00e9quate de vos donn\u00e9es \u00e0 caract\u00e8re personnel gr\u00e2ce \u00e0 des garanties appropri\u00e9es. <\/p>\n<h4>7. S\u00e9curit\u00e9 du traitement<\/h4>\n<p>Nous prenons la s\u00e9curit\u00e9 de l&rsquo;information au s\u00e9rieux et mettons en \u0153uvre des mesures techniques et organisationnelles pour prot\u00e9ger vos donn\u00e9es personnelles. Ces mesures sont r\u00e9guli\u00e8rement \u00e9valu\u00e9es afin de maintenir la s\u00e9curit\u00e9 du traitement des donn\u00e9es. <\/p>\n<h4>8. les droits des personnes concern\u00e9es<\/h4>\n<p>Vous disposez de plusieurs droits concernant le traitement de vos donn\u00e9es personnelles :<\/p>\n<p>&#8211; <strong>Droit d&rsquo;acc\u00e8s<\/strong>: Vous avez le droit de prendre connaissance des informations que nous traitons \u00e0 votre sujet.<\/p>\n<p>&#8211; <strong>Droit de rectification<\/strong>: Vous avez le droit de faire rectifier les informations incorrectes vous concernant.<\/p>\n<p>&#8211; <strong>Droit \u00e0 l&rsquo;effacement<\/strong>: dans certains cas, vous avez le droit de faire effacer vos informations avant la suppression g\u00e9n\u00e9rale habituelle.<\/p>\n<p>&#8211; <strong>Droit \u00e0 la limitation du traitement<\/strong>: Dans certains cas, vous avez le droit de restreindre le traitement de vos donn\u00e9es personnelles.<\/p>\n<p>&#8211; <strong>Droit d&rsquo;opposition<\/strong>: Vous avez le droit de vous opposer au traitement de vos donn\u00e9es \u00e0 caract\u00e8re personnel dans certaines circonstances, y compris \u00e0 des fins de marketing direct.<\/p>\n<p>&#8211; <strong>Droit \u00e0 la portabilit\u00e9 des donn\u00e9es<\/strong>: Dans certains cas, vous avez le droit de recevoir vos donn\u00e9es \u00e0 caract\u00e8re personnel dans un format structur\u00e9, couramment utilis\u00e9 et lisible par machine, et de les transmettre \u00e0 un autre responsable du traitement.<\/p>\n<p>&#8211; <strong>Droit de retirer son consentement<\/strong>: Lorsque notre traitement est fond\u00e9 sur votre consentement, vous avez le droit de le retirer \u00e0 tout moment.<\/p>\n<h4>9. stockage et suppression<\/h4>\n<p>Nous ne conservons vos donn\u00e9es personnelles que le temps n\u00e9cessaire \u00e0 la r\u00e9alisation des objectifs d\u00e9crits ci-dessus. Les donn\u00e9es peuvent \u00eatre conserv\u00e9es plus longtemps si elles sont rendues anonymes ou si la loi l&rsquo;exige. <\/p>\n<h4>10. mineurs<\/h4>\n<p>Nous ne vendons pas les informations personnelles et n&rsquo;avons pas connaissance du fait que nous vendons les informations personnelles de mineurs de moins de 16 ans. Veuillez nous contacter \u00e0 l&rsquo;adresse info@auraholistichealth.org. pour nous informer si vous, ou votre enfant mineur, avez moins de 16 ans.  <\/p>\n<h4>11. Plainte aupr\u00e8s de l&rsquo;autorit\u00e9 de protection des donn\u00e9es<\/h4>\n<p>Si vous n&rsquo;\u00eates pas satisfait du traitement de vos donn\u00e9es personnelles, vous avez le droit de d\u00e9poser une plainte aupr\u00e8s de l&rsquo;Autorit\u00e9 de protection des donn\u00e9es.<\/p>\n\t\t\t\t\t\t\t\t<\/div>\n\t\t\t\t<\/div>\n\t\t\t\t<\/div>\n\t\t\t\t<\/div>\n\t\t","protected":false},"excerpt":{"rendered":"<p>1. Introduction et champ d&rsquo;application Aura Holistic Health Organisation LTD (https:\/\/www.auraholistichealth.org\/) s&rsquo;engage \u00e0 prot\u00e9ger vos donn\u00e9es personnelles. Cette politique de confidentialit\u00e9 explique comment nous traitons les donn\u00e9es personnelles que vous nous fournissez ou que nous recueillons aupr\u00e8s de vous lorsque vous utilisez nos services ou interagissez avec notre site web. Cette politique s&rsquo;applique chaque fois [&hellip;]<\/p>\n","protected":false},"author":1,"featured_media":0,"parent":0,"menu_order":0,"comment_status":"closed","ping_status":"closed","template":"","meta":{"_acf_changed":false,"_monsterinsights_skip_tracking":false,"_monsterinsights_sitenote_active":false,"_monsterinsights_sitenote_note":"","_monsterinsights_sitenote_category":0,"footnotes":""},"class_list":["post-6132","page","type-page","status-publish","hentry"],"acf":[],"aioseo_notices":[],"yoast_head":"<!-- This site is optimized with the Yoast SEO plugin v27.6 - https:\/\/yoast.com\/product\/yoast-seo-wordpress\/ -->\n<title>Politique de confidentialit\u00e9 | Aura Holistic Health Org.<\/title>\n<meta name=\"robots\" content=\"index, follow, max-snippet:-1, max-image-preview:large, max-video-preview:-1\" \/>\n<link rel=\"canonical\" href=\"https:\/\/www.auraholistichealth.org\/fr\/politique-de-confidentialite\/\" \/>\n<meta property=\"og:locale\" content=\"fr_FR\" \/>\n<meta property=\"og:type\" content=\"article\" \/>\n<meta property=\"og:title\" content=\"Politique de confidentialit\u00e9 | Aura Holistic Health Org.\" \/>\n<meta property=\"og:description\" content=\"1. Introduction et champ d&rsquo;application Aura Holistic Health Organisation LTD (https:\/\/www.auraholistichealth.org\/) s&rsquo;engage \u00e0 prot\u00e9ger vos donn\u00e9es personnelles. Cette politique de confidentialit\u00e9 explique comment nous traitons les donn\u00e9es personnelles que vous nous fournissez ou que nous recueillons aupr\u00e8s de vous lorsque vous utilisez nos services ou interagissez avec notre site web. Cette politique s&rsquo;applique chaque fois [&hellip;]\" \/>\n<meta property=\"og:url\" content=\"https:\/\/www.auraholistichealth.org\/fr\/politique-de-confidentialite\/\" \/>\n<meta property=\"og:site_name\" content=\"Aura Holistic Health Org.\" \/>\n<meta property=\"article:modified_time\" content=\"2024-10-22T14:43:51+00:00\" \/>\n<meta name=\"twitter:card\" content=\"summary_large_image\" \/>\n<meta name=\"twitter:label1\" content=\"Dur\u00e9e de lecture estim\u00e9e\" \/>\n\t<meta name=\"twitter:data1\" content=\"7 minutes\" \/>\n<script type=\"application\/ld+json\" class=\"yoast-schema-graph\">{\"@context\":\"https:\\\/\\\/schema.org\",\"@graph\":[{\"@type\":\"WebPage\",\"@id\":\"https:\\\/\\\/www.auraholistichealth.org\\\/fr\\\/politique-de-confidentialite\\\/\",\"url\":\"https:\\\/\\\/www.auraholistichealth.org\\\/fr\\\/politique-de-confidentialite\\\/\",\"name\":\"Politique de confidentialit\u00e9 | Aura Holistic Health Org.\",\"isPartOf\":{\"@id\":\"https:\\\/\\\/www.auraholistichealth.org\\\/#website\"},\"datePublished\":\"2019-03-05T07:52:36+00:00\",\"dateModified\":\"2024-10-22T14:43:51+00:00\",\"inLanguage\":\"fr-FR\",\"potentialAction\":[{\"@type\":\"ReadAction\",\"target\":[\"https:\\\/\\\/www.auraholistichealth.org\\\/fr\\\/politique-de-confidentialite\\\/\"]}]},{\"@type\":\"WebSite\",\"@id\":\"https:\\\/\\\/www.auraholistichealth.org\\\/#website\",\"url\":\"https:\\\/\\\/www.auraholistichealth.org\\\/\",\"name\":\"Aura Holistic Health Org.\",\"description\":\"Heal the world\",\"publisher\":{\"@id\":\"https:\\\/\\\/www.auraholistichealth.org\\\/#organization\"},\"potentialAction\":[{\"@type\":\"SearchAction\",\"target\":{\"@type\":\"EntryPoint\",\"urlTemplate\":\"https:\\\/\\\/www.auraholistichealth.org\\\/?s={search_term_string}\"},\"query-input\":{\"@type\":\"PropertyValueSpecification\",\"valueRequired\":true,\"valueName\":\"search_term_string\"}}],\"inLanguage\":\"fr-FR\"},{\"@type\":\"Organization\",\"@id\":\"https:\\\/\\\/www.auraholistichealth.org\\\/#organization\",\"name\":\"Aura Holistic Health Org.\",\"url\":\"https:\\\/\\\/www.auraholistichealth.org\\\/\",\"logo\":{\"@type\":\"ImageObject\",\"inLanguage\":\"fr-FR\",\"@id\":\"https:\\\/\\\/www.auraholistichealth.org\\\/#\\\/schema\\\/logo\\\/image\\\/\",\"url\":\"https:\\\/\\\/www.auraholistichealth.org\\\/wp-content\\\/uploads\\\/AURA-logotype-pay.svg\",\"contentUrl\":\"https:\\\/\\\/www.auraholistichealth.org\\\/wp-content\\\/uploads\\\/AURA-logotype-pay.svg\",\"width\":1445,\"height\":595,\"caption\":\"Aura Holistic Health Org.\"},\"image\":{\"@id\":\"https:\\\/\\\/www.auraholistichealth.org\\\/#\\\/schema\\\/logo\\\/image\\\/\"}}]}<\/script>\n<!-- \/ Yoast SEO plugin. -->","yoast_head_json":{"title":"Politique de confidentialit\u00e9 | Aura Holistic Health Org.","robots":{"index":"index","follow":"follow","max-snippet":"max-snippet:-1","max-image-preview":"max-image-preview:large","max-video-preview":"max-video-preview:-1"},"canonical":"https:\/\/www.auraholistichealth.org\/fr\/politique-de-confidentialite\/","og_locale":"fr_FR","og_type":"article","og_title":"Politique de confidentialit\u00e9 | Aura Holistic Health Org.","og_description":"1. Introduction et champ d&rsquo;application Aura Holistic Health Organisation LTD (https:\/\/www.auraholistichealth.org\/) s&rsquo;engage \u00e0 prot\u00e9ger vos donn\u00e9es personnelles. Cette politique de confidentialit\u00e9 explique comment nous traitons les donn\u00e9es personnelles que vous nous fournissez ou que nous recueillons aupr\u00e8s de vous lorsque vous utilisez nos services ou interagissez avec notre site web. Cette politique s&rsquo;applique chaque fois [&hellip;]","og_url":"https:\/\/www.auraholistichealth.org\/fr\/politique-de-confidentialite\/","og_site_name":"Aura Holistic Health Org.","article_modified_time":"2024-10-22T14:43:51+00:00","twitter_card":"summary_large_image","twitter_misc":{"Dur\u00e9e de lecture estim\u00e9e":"7 minutes"},"schema":{"@context":"https:\/\/schema.org","@graph":[{"@type":"WebPage","@id":"https:\/\/www.auraholistichealth.org\/fr\/politique-de-confidentialite\/","url":"https:\/\/www.auraholistichealth.org\/fr\/politique-de-confidentialite\/","name":"Politique de confidentialit\u00e9 | Aura Holistic Health Org.","isPartOf":{"@id":"https:\/\/www.auraholistichealth.org\/#website"},"datePublished":"2019-03-05T07:52:36+00:00","dateModified":"2024-10-22T14:43:51+00:00","inLanguage":"fr-FR","potentialAction":[{"@type":"ReadAction","target":["https:\/\/www.auraholistichealth.org\/fr\/politique-de-confidentialite\/"]}]},{"@type":"WebSite","@id":"https:\/\/www.auraholistichealth.org\/#website","url":"https:\/\/www.auraholistichealth.org\/","name":"Aura Holistic Health Org.","description":"Heal the world","publisher":{"@id":"https:\/\/www.auraholistichealth.org\/#organization"},"potentialAction":[{"@type":"SearchAction","target":{"@type":"EntryPoint","urlTemplate":"https:\/\/www.auraholistichealth.org\/?s={search_term_string}"},"query-input":{"@type":"PropertyValueSpecification","valueRequired":true,"valueName":"search_term_string"}}],"inLanguage":"fr-FR"},{"@type":"Organization","@id":"https:\/\/www.auraholistichealth.org\/#organization","name":"Aura Holistic Health Org.","url":"https:\/\/www.auraholistichealth.org\/","logo":{"@type":"ImageObject","inLanguage":"fr-FR","@id":"https:\/\/www.auraholistichealth.org\/#\/schema\/logo\/image\/","url":"https:\/\/www.auraholistichealth.org\/wp-content\/uploads\/AURA-logotype-pay.svg","contentUrl":"https:\/\/www.auraholistichealth.org\/wp-content\/uploads\/AURA-logotype-pay.svg","width":1445,"height":595,"caption":"Aura Holistic Health Org."},"image":{"@id":"https:\/\/www.auraholistichealth.org\/#\/schema\/logo\/image\/"}}]}},"_links":{"self":[{"href":"https:\/\/www.auraholistichealth.org\/fr\/wp-json\/wp\/v2\/pages\/6132","targetHints":{"allow":["GET"]}}],"collection":[{"href":"https:\/\/www.auraholistichealth.org\/fr\/wp-json\/wp\/v2\/pages"}],"about":[{"href":"https:\/\/www.auraholistichealth.org\/fr\/wp-json\/wp\/v2\/types\/page"}],"author":[{"embeddable":true,"href":"https:\/\/www.auraholistichealth.org\/fr\/wp-json\/wp\/v2\/users\/1"}],"replies":[{"embeddable":true,"href":"https:\/\/www.auraholistichealth.org\/fr\/wp-json\/wp\/v2\/comments?post=6132"}],"version-history":[{"count":1,"href":"https:\/\/www.auraholistichealth.org\/fr\/wp-json\/wp\/v2\/pages\/6132\/revisions"}],"predecessor-version":[{"id":6134,"href":"https:\/\/www.auraholistichealth.org\/fr\/wp-json\/wp\/v2\/pages\/6132\/revisions\/6134"}],"wp:attachment":[{"href":"https:\/\/www.auraholistichealth.org\/fr\/wp-json\/wp\/v2\/media?parent=6132"}],"curies":[{"name":"wp","href":"https:\/\/api.w.org\/{rel}","templated":true}]}}