{"id":6076,"date":"2019-12-30T13:31:16","date_gmt":"2019-12-30T12:31:16","guid":{"rendered":"https:\/\/www.auraholistichealth.org\/conditions-dutilisation\/"},"modified":"2024-10-22T16:43:10","modified_gmt":"2024-10-22T14:43:10","slug":"conditions-dutilisation","status":"publish","type":"page","link":"https:\/\/www.auraholistichealth.org\/fr\/conditions-dutilisation\/","title":{"rendered":"Conditions d&rsquo;utilisation"},"content":{"rendered":"\t\t<div data-elementor-type=\"wp-page\" data-elementor-id=\"6076\" class=\"elementor elementor-6076\" data-elementor-post-type=\"page\">\n\t\t\t\t<div class=\"elementor-element elementor-element-4a263bb e-flex e-con-boxed e-con e-parent\" data-id=\"4a263bb\" data-element_type=\"container\" data-e-type=\"container\" data-settings=\"{&quot;background_background&quot;:&quot;classic&quot;}\">\n\t\t\t\t\t<div class=\"e-con-inner\">\n\t\t<div class=\"elementor-element elementor-element-e3f4baa e-con-full e-flex e-con e-child\" data-id=\"e3f4baa\" data-element_type=\"container\" data-e-type=\"container\">\n\t\t\t\t<\/div>\n\t\t\t\t\t<\/div>\n\t\t\t\t<\/div>\n\t\t<div class=\"elementor-element elementor-element-5428c52 e-con-full e-flex e-con e-parent\" data-id=\"5428c52\" data-element_type=\"container\" data-e-type=\"container\" data-settings=\"{&quot;background_background&quot;:&quot;classic&quot;}\">\n\t\t<div class=\"elementor-element elementor-element-2a4c4b1 e-flex e-con-boxed e-con e-child\" data-id=\"2a4c4b1\" data-element_type=\"container\" data-e-type=\"container\">\n\t\t\t\t\t<div class=\"e-con-inner\">\n\t\t\t\t<div class=\"elementor-element elementor-element-4711734 elementor-widget elementor-widget-text-editor\" data-id=\"4711734\" data-element_type=\"widget\" data-e-type=\"widget\" data-widget_type=\"text-editor.default\">\n\t\t\t\t<div class=\"elementor-widget-container\">\n\t\t\t\t\t\t\t\t\t<h4>1.Introduction<\/h4>\n<p>Bienvenue sur le site Internet d&rsquo;Aura Holistic Health Organization LTD (https:\/\/www.auraholistichealth.org\/). Les pr\u00e9sentes conditions commerciales (\u00a0\u00bb conditions \u00ab\u00a0) r\u00e9gissent votre utilisation de notre site et de nos services, y compris l&rsquo;achat de produits par l&rsquo;interm\u00e9diaire de notre boutique en ligne (la boutique Aura). Veuillez lire attentivement ces conditions avant d&rsquo;utiliser notre site ou d&rsquo;effectuer des achats. <\/p>\n<h4>2. acceptation des conditions<\/h4>\n<p>En utilisant notre site ou en effectuant un achat, vous acceptez les pr\u00e9sentes conditions. Si vous n&rsquo;\u00eates pas d&rsquo;accord avec une partie de ces conditions, veuillez ne pas utiliser notre site. <\/p>\n<p>Nous nous r\u00e9servons le droit de modifier les pr\u00e9sentes conditions \u00e0 tout moment. Toutes les modifications prennent effet \u00e0 partir du moment o\u00f9 elles sont publi\u00e9es sur le site web. En continuant \u00e0 utiliser le site apr\u00e8s les modifications, vous acceptez les nouvelles conditions.  <\/p>\n<h4>3. Description des produits<\/h4>\n<p>Nous nous effor\u00e7ons de fournir une description aussi pr\u00e9cise que possible de nos produits. Toutefois, nous ne garantissons pas que les descriptions de produits, les prix ou les autres informations figurant sur le site sont exacts, complets, fiables, \u00e0 jour ou exempts d&rsquo;erreurs. <\/p>\n<h4>4. Prix et paiement<\/h4>\n<p>Les prix des produits sont indiqu\u00e9s dans la devise correspondante et peuvent \u00eatre modifi\u00e9s sans pr\u00e9avis. Nous nous r\u00e9servons le droit de modifier les prix \u00e0 tout moment. Le paiement peut \u00eatre effectu\u00e9 en utilisant les m\u00e9thodes de paiement sp\u00e9cifi\u00e9es sur le site web. Tous les paiements doivent \u00eatre effectu\u00e9s avant l&rsquo;exp\u00e9dition des marchandises.   <\/p>\n<h4>5. Commande<\/h4>\n<p>Votre commande est une offre d&rsquo;achat d&rsquo;un produit, et nous nous r\u00e9servons le droit d&rsquo;accepter ou de refuser votre commande pour quelque raison que ce soit, y compris, mais sans s&rsquo;y limiter, une rupture de stock, des erreurs dans le prix ou la description du produit, ou des probl\u00e8mes de paiement.<\/p>\n<h4>6. Livraison<\/h4>\n<p>Nous nous effor\u00e7ons de traiter et d&rsquo;exp\u00e9dier toutes les commandes aussi rapidement que possible. Les d\u00e9lais de livraison peuvent varier en fonction de votre lieu de r\u00e9sidence et de la m\u00e9thode d&rsquo;exp\u00e9dition choisie. Tous les d\u00e9lais de livraison sont approximatifs et peuvent \u00eatre modifi\u00e9s en raison de circonstances ind\u00e9pendantes de notre volont\u00e9.  <\/p>\n<h4>7. Retours et remboursements<\/h4>\n<p>Si vous n&rsquo;\u00eates pas satisfait de votre achat, vous pouvez retourner le produit dans les 30 jours suivant sa r\u00e9ception pour un remboursement complet ou un \u00e9change. Le produit doit \u00eatre dans son \u00e9tat d&rsquo;origine, avec toutes les \u00e9tiquettes et l&#8217;emballage. Les frais de retour ne sont pas rembours\u00e9s.  <\/p>\n<h4>8. Garanties et responsabilit\u00e9<\/h4>\n<p>Nous offrons une garantie pour tous nos produits conform\u00e9ment \u00e0 la l\u00e9gislation en vigueur. Notre responsabilit\u00e9 est limit\u00e9e au montant pay\u00e9 pour le produit et ne comprend pas les dommages indirects, accessoires ou cons\u00e9cutifs. <\/p>\n<h4>9. Propri\u00e9t\u00e9 intellectuelle<\/h4>\n<p>Tout le contenu, y compris les textes, les graphiques, les logos, les images, les sons et les vid\u00e9os, est la propri\u00e9t\u00e9 d&rsquo;Aura Holistic Health Organization LTD ou de nos conc\u00e9dants de licence et est prot\u00e9g\u00e9 par des droits d&rsquo;auteur et d&rsquo;autres lois sur la propri\u00e9t\u00e9 intellectuelle.<\/p>\n<h4>10. Respect de la vie priv\u00e9e<\/h4>\n<p>Votre utilisation de notre site est r\u00e9gie par notre politique de confidentialit\u00e9, qui fait partie int\u00e9grante des pr\u00e9sentes conditions de vente. Veuillez consulter notre <a href=\"https:\/\/www.auraholistichealth.org\/privacy-policy\/\">politique de confidentialit\u00e9<\/a> pour plus d&rsquo;informations. <\/p>\n<h4>11. R\u00e9solution des litiges<\/h4>\n<p>Tout litige d\u00e9coulant des pr\u00e9sentes conditions ou de votre utilisation de notre site sera r\u00e9gi par les lois de l&rsquo;UE et du Royaume-Uni. Les litiges avec des consommateurs am\u00e9ricains peuvent \u00eatre r\u00e9solus conform\u00e9ment \u00e0 la loi am\u00e9ricaine et seront soumis \u00e0 la juridiction exclusive des tribunaux am\u00e9ricains. <\/p>\n<h4>12. Respect de la l\u00e9gislation<\/h4>\n<p>Nous respectons toutes les lois et r\u00e9glementations applicables \u00e0 la vente de biens et de services dans l&rsquo;UE, au Royaume-Uni et aux \u00c9tats-Unis, y compris les lois f\u00e9d\u00e9rales et nationales sur la protection des consommateurs.<\/p>\n<h4>13. Informations sur les contacts<\/h4>\n<p>Si vous avez des questions ou des commentaires sur les pr\u00e9sentes conditions commerciales, veuillez nous contacter :<\/p>\n<p>Aura Holistic Health Organisation LTD<br \/>112c High Street, Hadleigh,<br \/>Ipswich, England, IP7 5ELC.N. : 14863581 <br \/>Email : info@auraholistichealth.org<\/p>\n\t\t\t\t\t\t\t\t<\/div>\n\t\t\t\t<\/div>\n\t\t\t\t\t<\/div>\n\t\t\t\t<\/div>\n\t\t\t\t<\/div>\n\t\t<div class=\"elementor-element elementor-element-0117f46 e-flex e-con-boxed e-con e-parent\" data-id=\"0117f46\" data-element_type=\"container\" data-e-type=\"container\">\n\t\t\t\t\t<div class=\"e-con-inner\">\n\t\t\t\t\t<\/div>\n\t\t\t\t<\/div>\n\t\t\t\t<\/div>\n\t\t","protected":false},"excerpt":{"rendered":"<p>1.Introduction Bienvenue sur le site Internet d&rsquo;Aura Holistic Health Organization LTD (https:\/\/www.auraholistichealth.org\/). Les pr\u00e9sentes conditions commerciales (\u00a0\u00bb conditions \u00ab\u00a0) r\u00e9gissent votre utilisation de notre site et de nos services, y compris l&rsquo;achat de produits par l&rsquo;interm\u00e9diaire de notre boutique en ligne (la boutique Aura). Veuillez lire attentivement ces conditions avant d&rsquo;utiliser notre site ou d&rsquo;effectuer [&hellip;]<\/p>\n","protected":false},"author":1,"featured_media":0,"parent":0,"menu_order":0,"comment_status":"closed","ping_status":"closed","template":"","meta":{"_acf_changed":false,"_monsterinsights_skip_tracking":false,"_monsterinsights_sitenote_active":false,"_monsterinsights_sitenote_note":"","_monsterinsights_sitenote_category":0,"footnotes":""},"class_list":["post-6076","page","type-page","status-publish","hentry"],"acf":[],"aioseo_notices":[],"yoast_head":"<!-- This site is optimized with the Yoast SEO plugin v27.6 - https:\/\/yoast.com\/product\/yoast-seo-wordpress\/ -->\n<title>Conditions d&#039;utilisation | Aura Holistic Health Org.<\/title>\n<meta name=\"robots\" content=\"index, follow, max-snippet:-1, max-image-preview:large, max-video-preview:-1\" \/>\n<link rel=\"canonical\" href=\"https:\/\/www.auraholistichealth.org\/fr\/conditions-dutilisation\/\" \/>\n<meta property=\"og:locale\" content=\"fr_FR\" \/>\n<meta property=\"og:type\" content=\"article\" \/>\n<meta property=\"og:title\" content=\"Conditions d&#039;utilisation | Aura Holistic Health Org.\" \/>\n<meta property=\"og:description\" content=\"1.Introduction Bienvenue sur le site Internet d&rsquo;Aura Holistic Health Organization LTD (https:\/\/www.auraholistichealth.org\/). Les pr\u00e9sentes conditions commerciales (\u00a0\u00bb conditions \u00ab\u00a0) r\u00e9gissent votre utilisation de notre site et de nos services, y compris l&rsquo;achat de produits par l&rsquo;interm\u00e9diaire de notre boutique en ligne (la boutique Aura). Veuillez lire attentivement ces conditions avant d&rsquo;utiliser notre site ou d&rsquo;effectuer [&hellip;]\" \/>\n<meta property=\"og:url\" content=\"https:\/\/www.auraholistichealth.org\/fr\/conditions-dutilisation\/\" \/>\n<meta property=\"og:site_name\" content=\"Aura Holistic Health Org.\" \/>\n<meta property=\"article:modified_time\" content=\"2024-10-22T14:43:10+00:00\" \/>\n<meta name=\"twitter:card\" content=\"summary_large_image\" \/>\n<meta name=\"twitter:label1\" content=\"Dur\u00e9e de lecture estim\u00e9e\" \/>\n\t<meta name=\"twitter:data1\" content=\"3 minutes\" \/>\n<script type=\"application\/ld+json\" class=\"yoast-schema-graph\">{\"@context\":\"https:\\\/\\\/schema.org\",\"@graph\":[{\"@type\":\"WebPage\",\"@id\":\"https:\\\/\\\/www.auraholistichealth.org\\\/fr\\\/conditions-dutilisation\\\/\",\"url\":\"https:\\\/\\\/www.auraholistichealth.org\\\/fr\\\/conditions-dutilisation\\\/\",\"name\":\"Conditions d'utilisation | Aura Holistic Health Org.\",\"isPartOf\":{\"@id\":\"https:\\\/\\\/www.auraholistichealth.org\\\/#website\"},\"datePublished\":\"2019-12-30T12:31:16+00:00\",\"dateModified\":\"2024-10-22T14:43:10+00:00\",\"inLanguage\":\"fr-FR\",\"potentialAction\":[{\"@type\":\"ReadAction\",\"target\":[\"https:\\\/\\\/www.auraholistichealth.org\\\/fr\\\/conditions-dutilisation\\\/\"]}]},{\"@type\":\"WebSite\",\"@id\":\"https:\\\/\\\/www.auraholistichealth.org\\\/#website\",\"url\":\"https:\\\/\\\/www.auraholistichealth.org\\\/\",\"name\":\"Aura Holistic Health Org.\",\"description\":\"Heal the world\",\"publisher\":{\"@id\":\"https:\\\/\\\/www.auraholistichealth.org\\\/#organization\"},\"potentialAction\":[{\"@type\":\"SearchAction\",\"target\":{\"@type\":\"EntryPoint\",\"urlTemplate\":\"https:\\\/\\\/www.auraholistichealth.org\\\/?s={search_term_string}\"},\"query-input\":{\"@type\":\"PropertyValueSpecification\",\"valueRequired\":true,\"valueName\":\"search_term_string\"}}],\"inLanguage\":\"fr-FR\"},{\"@type\":\"Organization\",\"@id\":\"https:\\\/\\\/www.auraholistichealth.org\\\/#organization\",\"name\":\"Aura Holistic Health Org.\",\"url\":\"https:\\\/\\\/www.auraholistichealth.org\\\/\",\"logo\":{\"@type\":\"ImageObject\",\"inLanguage\":\"fr-FR\",\"@id\":\"https:\\\/\\\/www.auraholistichealth.org\\\/#\\\/schema\\\/logo\\\/image\\\/\",\"url\":\"https:\\\/\\\/www.auraholistichealth.org\\\/wp-content\\\/uploads\\\/AURA-logotype-pay.svg\",\"contentUrl\":\"https:\\\/\\\/www.auraholistichealth.org\\\/wp-content\\\/uploads\\\/AURA-logotype-pay.svg\",\"width\":1445,\"height\":595,\"caption\":\"Aura Holistic Health Org.\"},\"image\":{\"@id\":\"https:\\\/\\\/www.auraholistichealth.org\\\/#\\\/schema\\\/logo\\\/image\\\/\"}}]}<\/script>\n<!-- \/ Yoast SEO plugin. -->","yoast_head_json":{"title":"Conditions d'utilisation | Aura Holistic Health Org.","robots":{"index":"index","follow":"follow","max-snippet":"max-snippet:-1","max-image-preview":"max-image-preview:large","max-video-preview":"max-video-preview:-1"},"canonical":"https:\/\/www.auraholistichealth.org\/fr\/conditions-dutilisation\/","og_locale":"fr_FR","og_type":"article","og_title":"Conditions d'utilisation | Aura Holistic Health Org.","og_description":"1.Introduction Bienvenue sur le site Internet d&rsquo;Aura Holistic Health Organization LTD (https:\/\/www.auraholistichealth.org\/). Les pr\u00e9sentes conditions commerciales (\u00a0\u00bb conditions \u00ab\u00a0) r\u00e9gissent votre utilisation de notre site et de nos services, y compris l&rsquo;achat de produits par l&rsquo;interm\u00e9diaire de notre boutique en ligne (la boutique Aura). Veuillez lire attentivement ces conditions avant d&rsquo;utiliser notre site ou d&rsquo;effectuer [&hellip;]","og_url":"https:\/\/www.auraholistichealth.org\/fr\/conditions-dutilisation\/","og_site_name":"Aura Holistic Health Org.","article_modified_time":"2024-10-22T14:43:10+00:00","twitter_card":"summary_large_image","twitter_misc":{"Dur\u00e9e de lecture estim\u00e9e":"3 minutes"},"schema":{"@context":"https:\/\/schema.org","@graph":[{"@type":"WebPage","@id":"https:\/\/www.auraholistichealth.org\/fr\/conditions-dutilisation\/","url":"https:\/\/www.auraholistichealth.org\/fr\/conditions-dutilisation\/","name":"Conditions d'utilisation | Aura Holistic Health Org.","isPartOf":{"@id":"https:\/\/www.auraholistichealth.org\/#website"},"datePublished":"2019-12-30T12:31:16+00:00","dateModified":"2024-10-22T14:43:10+00:00","inLanguage":"fr-FR","potentialAction":[{"@type":"ReadAction","target":["https:\/\/www.auraholistichealth.org\/fr\/conditions-dutilisation\/"]}]},{"@type":"WebSite","@id":"https:\/\/www.auraholistichealth.org\/#website","url":"https:\/\/www.auraholistichealth.org\/","name":"Aura Holistic Health Org.","description":"Heal the world","publisher":{"@id":"https:\/\/www.auraholistichealth.org\/#organization"},"potentialAction":[{"@type":"SearchAction","target":{"@type":"EntryPoint","urlTemplate":"https:\/\/www.auraholistichealth.org\/?s={search_term_string}"},"query-input":{"@type":"PropertyValueSpecification","valueRequired":true,"valueName":"search_term_string"}}],"inLanguage":"fr-FR"},{"@type":"Organization","@id":"https:\/\/www.auraholistichealth.org\/#organization","name":"Aura Holistic Health Org.","url":"https:\/\/www.auraholistichealth.org\/","logo":{"@type":"ImageObject","inLanguage":"fr-FR","@id":"https:\/\/www.auraholistichealth.org\/#\/schema\/logo\/image\/","url":"https:\/\/www.auraholistichealth.org\/wp-content\/uploads\/AURA-logotype-pay.svg","contentUrl":"https:\/\/www.auraholistichealth.org\/wp-content\/uploads\/AURA-logotype-pay.svg","width":1445,"height":595,"caption":"Aura Holistic Health Org."},"image":{"@id":"https:\/\/www.auraholistichealth.org\/#\/schema\/logo\/image\/"}}]}},"_links":{"self":[{"href":"https:\/\/www.auraholistichealth.org\/fr\/wp-json\/wp\/v2\/pages\/6076","targetHints":{"allow":["GET"]}}],"collection":[{"href":"https:\/\/www.auraholistichealth.org\/fr\/wp-json\/wp\/v2\/pages"}],"about":[{"href":"https:\/\/www.auraholistichealth.org\/fr\/wp-json\/wp\/v2\/types\/page"}],"author":[{"embeddable":true,"href":"https:\/\/www.auraholistichealth.org\/fr\/wp-json\/wp\/v2\/users\/1"}],"replies":[{"embeddable":true,"href":"https:\/\/www.auraholistichealth.org\/fr\/wp-json\/wp\/v2\/comments?post=6076"}],"version-history":[{"count":1,"href":"https:\/\/www.auraholistichealth.org\/fr\/wp-json\/wp\/v2\/pages\/6076\/revisions"}],"predecessor-version":[{"id":6078,"href":"https:\/\/www.auraholistichealth.org\/fr\/wp-json\/wp\/v2\/pages\/6076\/revisions\/6078"}],"wp:attachment":[{"href":"https:\/\/www.auraholistichealth.org\/fr\/wp-json\/wp\/v2\/media?parent=6076"}],"curies":[{"name":"wp","href":"https:\/\/api.w.org\/{rel}","templated":true}]}}