{"id":6063,"date":"2023-07-12T12:05:10","date_gmt":"2023-07-12T10:05:10","guid":{"rendered":"https:\/\/www.auraholistichealth.org\/devenir-therapeute\/"},"modified":"2024-10-22T16:43:10","modified_gmt":"2024-10-22T14:43:10","slug":"devenir-therapeute","status":"publish","type":"page","link":"https:\/\/www.auraholistichealth.org\/fr\/devenir-therapeute\/","title":{"rendered":"Devenir th\u00e9rapeute"},"content":{"rendered":"\t\t<div data-elementor-type=\"wp-page\" data-elementor-id=\"6063\" class=\"elementor elementor-6063\" data-elementor-post-type=\"page\">\n\t\t\t\t<div class=\"elementor-element elementor-element-ce1f776 e-flex e-con-boxed e-con e-parent\" data-id=\"ce1f776\" data-element_type=\"container\" data-e-type=\"container\">\n\t\t\t\t\t<div class=\"e-con-inner\">\n\t\t\t\t<div class=\"elementor-element elementor-element-2c387f7 elementor-widget elementor-widget-heading\" data-id=\"2c387f7\" data-element_type=\"widget\" data-e-type=\"widget\" data-widget_type=\"heading.default\">\n\t\t\t\t<div class=\"elementor-widget-container\">\n\t\t\t\t\t<h2 class=\"elementor-heading-title elementor-size-default\">D\u00e9pistage<\/h2>\t\t\t\t<\/div>\n\t\t\t\t<\/div>\n\t\t\t\t<div class=\"elementor-element elementor-element-57b7513 elementor-widget elementor-widget-text-editor\" data-id=\"57b7513\" data-element_type=\"widget\" data-e-type=\"widget\" data-widget_type=\"text-editor.default\">\n\t\t\t\t<div class=\"elementor-widget-container\">\n\t\t\t\t\t\t\t\t\t<\/p>\n<ul>\n<li>Pour que vous puissiez, en tant que th\u00e9rapeute, faire partie du r\u00e9seau Aura, nous devons vous s\u00e9lectionner afin que les patients sachent que nous travaillons selon les m\u00eames directives de base.<\/li>\n<li>Veuillez r\u00e9pondre aux 20 questions ci-dessous par OUI ou NON &#8211; vous devrez r\u00e9pondre par l&rsquo;affirmative \u00e0 chacune des 20 questions pour que votre demande soit approuv\u00e9e.  <\/li>\n<li>Vous pouvez vous inscrire en tant qu&rsquo;individu ou en tant que clinique. Si vous vous inscrivez en tant que clinique, c&rsquo;est le propri\u00e9taire de la clinique qui est responsable du respect des directives Aura par l&rsquo;ensemble de la clinique. <\/li>\n<li>Pour que vous et les patients sachiez quelles sont les lignes directrices de base, nous vous recommandons vivement de lire le livre \u00ab\u00a0Comment gu\u00e9rir le cancer et d&rsquo;autres maladies\u00a0\u00bb peu de temps apr\u00e8s avoir \u00e9t\u00e9 approuv\u00e9.  <\/li>\n<\/ul>\n\t\t\t\t\t\t\t\t<\/div>\n\t\t\t\t<\/div>\n\t\t\t\t\t<\/div>\n\t\t\t\t<\/div>\n\t\t\t\t<\/div>\n\t\t","protected":false},"excerpt":{"rendered":"<p>D\u00e9pistage Pour que vous puissiez, en tant que th\u00e9rapeute, faire partie du r\u00e9seau Aura, nous devons vous s\u00e9lectionner afin que les patients sachent que nous travaillons selon les m\u00eames directives de base. Veuillez r\u00e9pondre aux 20 questions ci-dessous par OUI ou NON &#8211; vous devrez r\u00e9pondre par l&rsquo;affirmative \u00e0 chacune des 20 questions pour que [&hellip;]<\/p>\n","protected":false},"author":1,"featured_media":0,"parent":0,"menu_order":0,"comment_status":"closed","ping_status":"closed","template":"","meta":{"_acf_changed":false,"_monsterinsights_skip_tracking":false,"_monsterinsights_sitenote_active":false,"_monsterinsights_sitenote_note":"","_monsterinsights_sitenote_category":0,"footnotes":""},"class_list":["post-6063","page","type-page","status-publish","hentry"],"acf":[],"aioseo_notices":[],"yoast_head":"<!-- This site is optimized with the Yoast SEO plugin v27.6 - https:\/\/yoast.com\/product\/yoast-seo-wordpress\/ -->\n<title>Devenir th\u00e9rapeute | Aura Holistic Health Org.<\/title>\n<meta name=\"robots\" content=\"index, follow, max-snippet:-1, max-image-preview:large, max-video-preview:-1\" \/>\n<link rel=\"canonical\" href=\"https:\/\/www.auraholistichealth.org\/fr\/devenir-therapeute\/\" \/>\n<meta property=\"og:locale\" content=\"fr_FR\" \/>\n<meta property=\"og:type\" content=\"article\" \/>\n<meta property=\"og:title\" content=\"Devenir th\u00e9rapeute | Aura Holistic Health Org.\" \/>\n<meta property=\"og:description\" content=\"D\u00e9pistage Pour que vous puissiez, en tant que th\u00e9rapeute, faire partie du r\u00e9seau Aura, nous devons vous s\u00e9lectionner afin que les patients sachent que nous travaillons selon les m\u00eames directives de base. Veuillez r\u00e9pondre aux 20 questions ci-dessous par OUI ou NON &#8211; vous devrez r\u00e9pondre par l&rsquo;affirmative \u00e0 chacune des 20 questions pour que [&hellip;]\" \/>\n<meta property=\"og:url\" content=\"https:\/\/www.auraholistichealth.org\/fr\/devenir-therapeute\/\" \/>\n<meta property=\"og:site_name\" content=\"Aura Holistic Health Org.\" \/>\n<meta property=\"article:modified_time\" content=\"2024-10-22T14:43:10+00:00\" \/>\n<meta name=\"twitter:card\" content=\"summary_large_image\" \/>\n<meta name=\"twitter:label1\" content=\"Dur\u00e9e de lecture estim\u00e9e\" \/>\n\t<meta name=\"twitter:data1\" content=\"3 minutes\" \/>\n<script type=\"application\/ld+json\" class=\"yoast-schema-graph\">{\"@context\":\"https:\\\/\\\/schema.org\",\"@graph\":[{\"@type\":\"WebPage\",\"@id\":\"https:\\\/\\\/www.auraholistichealth.org\\\/fr\\\/devenir-therapeute\\\/\",\"url\":\"https:\\\/\\\/www.auraholistichealth.org\\\/fr\\\/devenir-therapeute\\\/\",\"name\":\"Devenir th\u00e9rapeute | Aura Holistic Health Org.\",\"isPartOf\":{\"@id\":\"https:\\\/\\\/www.auraholistichealth.org\\\/#website\"},\"datePublished\":\"2023-07-12T10:05:10+00:00\",\"dateModified\":\"2024-10-22T14:43:10+00:00\",\"inLanguage\":\"fr-FR\",\"potentialAction\":[{\"@type\":\"ReadAction\",\"target\":[\"https:\\\/\\\/www.auraholistichealth.org\\\/fr\\\/devenir-therapeute\\\/\"]}]},{\"@type\":\"WebSite\",\"@id\":\"https:\\\/\\\/www.auraholistichealth.org\\\/#website\",\"url\":\"https:\\\/\\\/www.auraholistichealth.org\\\/\",\"name\":\"Aura Holistic Health Org.\",\"description\":\"Heal the world\",\"publisher\":{\"@id\":\"https:\\\/\\\/www.auraholistichealth.org\\\/#organization\"},\"potentialAction\":[{\"@type\":\"SearchAction\",\"target\":{\"@type\":\"EntryPoint\",\"urlTemplate\":\"https:\\\/\\\/www.auraholistichealth.org\\\/?s={search_term_string}\"},\"query-input\":{\"@type\":\"PropertyValueSpecification\",\"valueRequired\":true,\"valueName\":\"search_term_string\"}}],\"inLanguage\":\"fr-FR\"},{\"@type\":\"Organization\",\"@id\":\"https:\\\/\\\/www.auraholistichealth.org\\\/#organization\",\"name\":\"Aura Holistic Health Org.\",\"url\":\"https:\\\/\\\/www.auraholistichealth.org\\\/\",\"logo\":{\"@type\":\"ImageObject\",\"inLanguage\":\"fr-FR\",\"@id\":\"https:\\\/\\\/www.auraholistichealth.org\\\/#\\\/schema\\\/logo\\\/image\\\/\",\"url\":\"https:\\\/\\\/www.auraholistichealth.org\\\/wp-content\\\/uploads\\\/AURA-logotype-pay.svg\",\"contentUrl\":\"https:\\\/\\\/www.auraholistichealth.org\\\/wp-content\\\/uploads\\\/AURA-logotype-pay.svg\",\"width\":1445,\"height\":595,\"caption\":\"Aura Holistic Health Org.\"},\"image\":{\"@id\":\"https:\\\/\\\/www.auraholistichealth.org\\\/#\\\/schema\\\/logo\\\/image\\\/\"}}]}<\/script>\n<!-- \/ Yoast SEO plugin. -->","yoast_head_json":{"title":"Devenir th\u00e9rapeute | Aura Holistic Health Org.","robots":{"index":"index","follow":"follow","max-snippet":"max-snippet:-1","max-image-preview":"max-image-preview:large","max-video-preview":"max-video-preview:-1"},"canonical":"https:\/\/www.auraholistichealth.org\/fr\/devenir-therapeute\/","og_locale":"fr_FR","og_type":"article","og_title":"Devenir th\u00e9rapeute | Aura Holistic Health Org.","og_description":"D\u00e9pistage Pour que vous puissiez, en tant que th\u00e9rapeute, faire partie du r\u00e9seau Aura, nous devons vous s\u00e9lectionner afin que les patients sachent que nous travaillons selon les m\u00eames directives de base. Veuillez r\u00e9pondre aux 20 questions ci-dessous par OUI ou NON &#8211; vous devrez r\u00e9pondre par l&rsquo;affirmative \u00e0 chacune des 20 questions pour que [&hellip;]","og_url":"https:\/\/www.auraholistichealth.org\/fr\/devenir-therapeute\/","og_site_name":"Aura Holistic Health Org.","article_modified_time":"2024-10-22T14:43:10+00:00","twitter_card":"summary_large_image","twitter_misc":{"Dur\u00e9e de lecture estim\u00e9e":"3 minutes"},"schema":{"@context":"https:\/\/schema.org","@graph":[{"@type":"WebPage","@id":"https:\/\/www.auraholistichealth.org\/fr\/devenir-therapeute\/","url":"https:\/\/www.auraholistichealth.org\/fr\/devenir-therapeute\/","name":"Devenir th\u00e9rapeute | Aura Holistic Health Org.","isPartOf":{"@id":"https:\/\/www.auraholistichealth.org\/#website"},"datePublished":"2023-07-12T10:05:10+00:00","dateModified":"2024-10-22T14:43:10+00:00","inLanguage":"fr-FR","potentialAction":[{"@type":"ReadAction","target":["https:\/\/www.auraholistichealth.org\/fr\/devenir-therapeute\/"]}]},{"@type":"WebSite","@id":"https:\/\/www.auraholistichealth.org\/#website","url":"https:\/\/www.auraholistichealth.org\/","name":"Aura Holistic Health Org.","description":"Heal the world","publisher":{"@id":"https:\/\/www.auraholistichealth.org\/#organization"},"potentialAction":[{"@type":"SearchAction","target":{"@type":"EntryPoint","urlTemplate":"https:\/\/www.auraholistichealth.org\/?s={search_term_string}"},"query-input":{"@type":"PropertyValueSpecification","valueRequired":true,"valueName":"search_term_string"}}],"inLanguage":"fr-FR"},{"@type":"Organization","@id":"https:\/\/www.auraholistichealth.org\/#organization","name":"Aura Holistic Health Org.","url":"https:\/\/www.auraholistichealth.org\/","logo":{"@type":"ImageObject","inLanguage":"fr-FR","@id":"https:\/\/www.auraholistichealth.org\/#\/schema\/logo\/image\/","url":"https:\/\/www.auraholistichealth.org\/wp-content\/uploads\/AURA-logotype-pay.svg","contentUrl":"https:\/\/www.auraholistichealth.org\/wp-content\/uploads\/AURA-logotype-pay.svg","width":1445,"height":595,"caption":"Aura Holistic Health Org."},"image":{"@id":"https:\/\/www.auraholistichealth.org\/#\/schema\/logo\/image\/"}}]}},"_links":{"self":[{"href":"https:\/\/www.auraholistichealth.org\/fr\/wp-json\/wp\/v2\/pages\/6063","targetHints":{"allow":["GET"]}}],"collection":[{"href":"https:\/\/www.auraholistichealth.org\/fr\/wp-json\/wp\/v2\/pages"}],"about":[{"href":"https:\/\/www.auraholistichealth.org\/fr\/wp-json\/wp\/v2\/types\/page"}],"author":[{"embeddable":true,"href":"https:\/\/www.auraholistichealth.org\/fr\/wp-json\/wp\/v2\/users\/1"}],"replies":[{"embeddable":true,"href":"https:\/\/www.auraholistichealth.org\/fr\/wp-json\/wp\/v2\/comments?post=6063"}],"version-history":[{"count":1,"href":"https:\/\/www.auraholistichealth.org\/fr\/wp-json\/wp\/v2\/pages\/6063\/revisions"}],"predecessor-version":[{"id":6065,"href":"https:\/\/www.auraholistichealth.org\/fr\/wp-json\/wp\/v2\/pages\/6063\/revisions\/6065"}],"wp:attachment":[{"href":"https:\/\/www.auraholistichealth.org\/fr\/wp-json\/wp\/v2\/media?parent=6063"}],"curies":[{"name":"wp","href":"https:\/\/api.w.org\/{rel}","templated":true}]}}