{"id":5979,"date":"2024-07-31T10:04:07","date_gmt":"2024-07-31T08:04:07","guid":{"rendered":"https:\/\/www.auraholistichealth.org\/informations-complementaires-pour-les-residents-des-etats-unis-declaration-de-confidentialite-de-la-region-des-etats-unis\/"},"modified":"2024-10-22T16:41:59","modified_gmt":"2024-10-22T14:41:59","slug":"informations-complementaires-pour-les-residents-des-etats-unis-declaration-de-confidentialite-de-la-region-des-etats-unis","status":"publish","type":"page","link":"https:\/\/www.auraholistichealth.org\/fr\/informations-complementaires-pour-les-residents-des-etats-unis-declaration-de-confidentialite-de-la-region-des-etats-unis\/","title":{"rendered":"Informations compl\u00e9mentaires pour les r\u00e9sidents des \u00c9tats-Unis (D\u00e9claration de confidentialit\u00e9 de la r\u00e9gion des \u00c9tats-Unis)"},"content":{"rendered":"\t\t<div data-elementor-type=\"wp-page\" data-elementor-id=\"5979\" class=\"elementor elementor-5979\" data-elementor-post-type=\"page\">\n\t\t\t\t<div class=\"elementor-element elementor-element-bd699d0 e-flex e-con-boxed e-con e-parent\" data-id=\"bd699d0\" data-element_type=\"container\" data-e-type=\"container\" data-settings=\"{&quot;background_background&quot;:&quot;classic&quot;}\">\n\t\t\t\t\t<div class=\"e-con-inner\">\n\t\t<div class=\"elementor-element elementor-element-00c8785 e-con-full e-flex e-con e-child\" data-id=\"00c8785\" data-element_type=\"container\" data-e-type=\"container\">\n\t\t\t\t<\/div>\n\t\t\t\t\t<\/div>\n\t\t\t\t<\/div>\n\t\t<div class=\"elementor-element elementor-element-7464574 e-con-full e-flex e-con e-parent\" data-id=\"7464574\" data-element_type=\"container\" data-e-type=\"container\">\n\t\t\t\t<div class=\"elementor-element elementor-element-4e2f862 elementor-widget__width-initial elementor-widget elementor-widget-text-editor\" data-id=\"4e2f862\" data-element_type=\"widget\" data-e-type=\"widget\" data-widget_type=\"text-editor.default\">\n\t\t\t\t<div class=\"elementor-widget-container\">\n\t\t\t\t\t\t\t\t\t<h4>1.Introduction<\/h4>\n<p>Le pr\u00e9sent document compl\u00e8te la <a href=\"https:\/\/www.auraholistichealth.org\/privacy-policy\/\">politique de confidentialit\u00e9<\/a> d&rsquo;Aura Holistic Health Organization LTD et ne s&rsquo;applique qu&rsquo;aux visiteurs, utilisateurs et autres personnes r\u00e9sidant aux \u00c9tats-Unis d&rsquo;Am\u00e9rique (\u00ab\u00a0consommateurs\u00a0\u00bb ou \u00ab\u00a0vous\u00a0\u00bb). Nous adoptons ce document pour nous conformer aux diverses lois am\u00e9ricaines sur la protection des consommateurs qui peuvent exister dans les diff\u00e9rents \u00c9tats. <\/p>\n<h4>2. droits suppl\u00e9mentaires des r\u00e9sidents de diff\u00e9rents \u00c9tats<\/h4>\n<p>Outre les droits \u00e9nonc\u00e9s dans notre politique de confidentialit\u00e9, les r\u00e9sidents de certains \u00c9tats am\u00e9ricains disposent de droits suppl\u00e9mentaires. Vous trouverez ci-dessous une description des droits suppl\u00e9mentaires qui peuvent s&rsquo;appliquer en fonction de votre lieu de r\u00e9sidence. <\/p>\n<h4>  2.1 R\u00e9sidents de Californie<\/h4>\n<p>Les r\u00e9sidents de Californie ont des droits en vertu de la loi californienne sur la protection de la vie priv\u00e9e des consommateurs (California Consumer Privacy Act &#8211; CCPA), qui sont d\u00e9taill\u00e9s dans notre <a href=\"https:\/\/www.auraholistichealth.org\/additional-information-for-california-residents-california-consumer-privacy-act-ccpa\/\">d\u00e9claration de confidentialit\u00e9 pour les r\u00e9sidents de Californie<\/a>.<\/p>\n<h4>2.2 R\u00e9sidents du Nevada<\/h4>\n<p>Les r\u00e9sidents du Nevada ont le droit de refuser la vente de leurs informations personnelles. Si vous \u00eates r\u00e9sident du Nevada et que vous souhaitez exercer ce droit, veuillez nous envoyer un courrier \u00e9lectronique \u00e0 l&rsquo;adresse info@auraholistichealth.org avec pour objet \u00ab\u00a0Nevada Privacy Rights\u00a0\u00bb (droits \u00e0 la protection de la vie priv\u00e9e au Nevada). <\/p>\n<h4>2.3 R\u00e9sidents de Virginie<\/h4>\n<p>En vertu de la loi sur la protection des donn\u00e9es des consommateurs de Virginie (VCDPA), les r\u00e9sidents de Virginie ont les droits suivants :<\/p>\n<p>&#8211; <strong>Droit de confirmation<\/strong>: Vous avez le droit de v\u00e9rifier si vos donn\u00e9es \u00e0 caract\u00e8re personnel sont trait\u00e9es.<\/p>\n<p>&#8211; <strong>Droit d&rsquo;acc\u00e8s<\/strong>: Vous avez le droit de recevoir une copie de vos donn\u00e9es personnelles.<\/p>\n<p>&#8211; <strong>Droit de rectification<\/strong>: Vous avez le droit de demander la correction de donn\u00e9es personnelles inexactes.<\/p>\n<p>&#8211; <strong>Droit \u00e0 l&rsquo;effacement<\/strong>: Vous avez le droit de demander la suppression de vos donn\u00e9es personnelles.<\/p>\n<p>&#8211; <strong>Droit \u00e0 la portabilit\u00e9 des donn\u00e9es<\/strong>: Vous avez le droit de recevoir une copie de vos donn\u00e9es personnelles dans un format pratique.<\/p>\n<h4>2,4 R\u00e9sidents du Colorado<\/h4>\n<p>En vertu de la loi sur la protection de la vie priv\u00e9e du Colorado (CPA), les r\u00e9sidents du Colorado ont les droits suivants :<\/p>\n<p>&#8211; <strong>Droit d&rsquo;acc\u00e8s<\/strong>: Vous avez le droit de savoir quelles donn\u00e9es \u00e0 caract\u00e8re personnel nous collectons et comment elles sont utilis\u00e9es.<\/p>\n<p>&#8211; <strong>Droit de rectification<\/strong>: Vous avez le droit de demander la correction de donn\u00e9es inexactes.<\/p>\n<p>&#8211; <strong>Droit \u00e0 l&rsquo;effacement<\/strong>: Vous avez le droit de demander la suppression de vos donn\u00e9es personnelles.<\/p>\n<p>&#8211; <strong>Droit \u00e0 la portabilit\u00e9 des donn\u00e9es<\/strong>: Vous avez le droit de recevoir une copie de vos donn\u00e9es personnelles dans un format pratique.<\/p>\n<h4>3. Exercice de vos droits<\/h4>\n<p>Pour exercer les droits d\u00e9crits ci-dessus, veuillez nous envoyer un courriel \u00e0 info@auraholistichealth.org. Dans votre demande, indiquez le droit que vous souhaitez exercer et l&rsquo;\u00c9tat dans lequel vous r\u00e9sidez. <\/p>\n<h4>4. Temps de r\u00e9ponse<\/h4>\n<p>Nous nous effor\u00e7ons de r\u00e9pondre \u00e0 une demande dans les 28 jours suivant sa r\u00e9ception. Si nous avons besoin de plus de temps (jusqu&rsquo;\u00e0 90 jours), nous vous informerons par \u00e9crit de la raison et de la prolongation du d\u00e9lai. <\/p>\n<h4>5. V\u00e9rification des demandes<\/h4>\n<p>Nous devons v\u00e9rifier votre identit\u00e9 afin de r\u00e9pondre \u00e0 vos demandes. Pour ce faire, nous vous demanderons suffisamment d&rsquo;informations pour v\u00e9rifier votre identit\u00e9, en tenant compte du type de demande et de la nature des informations demand\u00e9es. <\/p>\n<h4>6. Informations sur les contacts<\/h4>\n<p>Si vous avez des questions ou des commentaires concernant ces informations suppl\u00e9mentaires pour les r\u00e9sidents am\u00e9ricains, la politique de confidentialit\u00e9 ou la mani\u00e8re dont nous collectons et utilisons vos informations personnelles, veuillez nous contacter :<\/p>\n<p>Aura Holistic Health Organisation LTD<br \/>112c High Street, Hadleigh,<br \/>Ipswich, England, IP7 5EL<br \/>C.N. : 14863581 <br \/>Email : info@auraholistichealth.org (Veuillez inclure \u00ab\u00a0US Region Privacy Rights\u00a0\u00bb dans la ligne d&rsquo;objet)<\/p>\n\t\t\t\t\t\t\t\t<\/div>\n\t\t\t\t<\/div>\n\t\t\t\t<\/div>\n\t\t\t\t<\/div>\n\t\t","protected":false},"excerpt":{"rendered":"<p>1.Introduction Le pr\u00e9sent document compl\u00e8te la politique de confidentialit\u00e9 d&rsquo;Aura Holistic Health Organization LTD et ne s&rsquo;applique qu&rsquo;aux visiteurs, utilisateurs et autres personnes r\u00e9sidant aux \u00c9tats-Unis d&rsquo;Am\u00e9rique (\u00ab\u00a0consommateurs\u00a0\u00bb ou \u00ab\u00a0vous\u00a0\u00bb). Nous adoptons ce document pour nous conformer aux diverses lois am\u00e9ricaines sur la protection des consommateurs qui peuvent exister dans les diff\u00e9rents \u00c9tats. 2. droits [&hellip;]<\/p>\n","protected":false},"author":8,"featured_media":0,"parent":0,"menu_order":0,"comment_status":"closed","ping_status":"closed","template":"","meta":{"_acf_changed":false,"_monsterinsights_skip_tracking":false,"_monsterinsights_sitenote_active":false,"_monsterinsights_sitenote_note":"","_monsterinsights_sitenote_category":0,"footnotes":""},"class_list":["post-5979","page","type-page","status-publish","hentry"],"acf":[],"aioseo_notices":[],"yoast_head":"<!-- This site is optimized with the Yoast SEO plugin v27.6 - https:\/\/yoast.com\/product\/yoast-seo-wordpress\/ -->\n<title>Informations compl\u00e9mentaires pour les r\u00e9sidents des \u00c9tats-Unis (D\u00e9claration de confidentialit\u00e9 de la r\u00e9gion des \u00c9tats-Unis) | Aura Holistic Health Org.<\/title>\n<meta name=\"robots\" content=\"index, follow, max-snippet:-1, max-image-preview:large, max-video-preview:-1\" \/>\n<link rel=\"canonical\" href=\"https:\/\/www.auraholistichealth.org\/fr\/informations-complementaires-pour-les-residents-des-etats-unis-declaration-de-confidentialite-de-la-region-des-etats-unis\/\" \/>\n<meta property=\"og:locale\" content=\"fr_FR\" \/>\n<meta property=\"og:type\" content=\"article\" \/>\n<meta property=\"og:title\" content=\"Informations compl\u00e9mentaires pour les r\u00e9sidents des \u00c9tats-Unis (D\u00e9claration de confidentialit\u00e9 de la r\u00e9gion des \u00c9tats-Unis) | Aura Holistic Health Org.\" \/>\n<meta property=\"og:description\" content=\"1.Introduction Le pr\u00e9sent document compl\u00e8te la politique de confidentialit\u00e9 d&rsquo;Aura Holistic Health Organization LTD et ne s&rsquo;applique qu&rsquo;aux visiteurs, utilisateurs et autres personnes r\u00e9sidant aux \u00c9tats-Unis d&rsquo;Am\u00e9rique (\u00ab\u00a0consommateurs\u00a0\u00bb ou \u00ab\u00a0vous\u00a0\u00bb). Nous adoptons ce document pour nous conformer aux diverses lois am\u00e9ricaines sur la protection des consommateurs qui peuvent exister dans les diff\u00e9rents \u00c9tats. 2. droits [&hellip;]\" \/>\n<meta property=\"og:url\" content=\"https:\/\/www.auraholistichealth.org\/fr\/informations-complementaires-pour-les-residents-des-etats-unis-declaration-de-confidentialite-de-la-region-des-etats-unis\/\" \/>\n<meta property=\"og:site_name\" content=\"Aura Holistic Health Org.\" \/>\n<meta property=\"article:modified_time\" content=\"2024-10-22T14:41:59+00:00\" \/>\n<meta name=\"twitter:card\" content=\"summary_large_image\" \/>\n<meta name=\"twitter:label1\" content=\"Dur\u00e9e de lecture estim\u00e9e\" \/>\n\t<meta name=\"twitter:data1\" content=\"3 minutes\" \/>\n<script type=\"application\/ld+json\" class=\"yoast-schema-graph\">{\"@context\":\"https:\\\/\\\/schema.org\",\"@graph\":[{\"@type\":\"WebPage\",\"@id\":\"https:\\\/\\\/www.auraholistichealth.org\\\/fr\\\/informations-complementaires-pour-les-residents-des-etats-unis-declaration-de-confidentialite-de-la-region-des-etats-unis\\\/\",\"url\":\"https:\\\/\\\/www.auraholistichealth.org\\\/fr\\\/informations-complementaires-pour-les-residents-des-etats-unis-declaration-de-confidentialite-de-la-region-des-etats-unis\\\/\",\"name\":\"Informations compl\u00e9mentaires pour les r\u00e9sidents des \u00c9tats-Unis (D\u00e9claration de confidentialit\u00e9 de la r\u00e9gion des \u00c9tats-Unis) | Aura Holistic Health Org.\",\"isPartOf\":{\"@id\":\"https:\\\/\\\/www.auraholistichealth.org\\\/#website\"},\"datePublished\":\"2024-07-31T08:04:07+00:00\",\"dateModified\":\"2024-10-22T14:41:59+00:00\",\"inLanguage\":\"fr-FR\",\"potentialAction\":[{\"@type\":\"ReadAction\",\"target\":[\"https:\\\/\\\/www.auraholistichealth.org\\\/fr\\\/informations-complementaires-pour-les-residents-des-etats-unis-declaration-de-confidentialite-de-la-region-des-etats-unis\\\/\"]}]},{\"@type\":\"WebSite\",\"@id\":\"https:\\\/\\\/www.auraholistichealth.org\\\/#website\",\"url\":\"https:\\\/\\\/www.auraholistichealth.org\\\/\",\"name\":\"Aura Holistic Health Org.\",\"description\":\"Heal the world\",\"publisher\":{\"@id\":\"https:\\\/\\\/www.auraholistichealth.org\\\/#organization\"},\"potentialAction\":[{\"@type\":\"SearchAction\",\"target\":{\"@type\":\"EntryPoint\",\"urlTemplate\":\"https:\\\/\\\/www.auraholistichealth.org\\\/?s={search_term_string}\"},\"query-input\":{\"@type\":\"PropertyValueSpecification\",\"valueRequired\":true,\"valueName\":\"search_term_string\"}}],\"inLanguage\":\"fr-FR\"},{\"@type\":\"Organization\",\"@id\":\"https:\\\/\\\/www.auraholistichealth.org\\\/#organization\",\"name\":\"Aura Holistic Health Org.\",\"url\":\"https:\\\/\\\/www.auraholistichealth.org\\\/\",\"logo\":{\"@type\":\"ImageObject\",\"inLanguage\":\"fr-FR\",\"@id\":\"https:\\\/\\\/www.auraholistichealth.org\\\/#\\\/schema\\\/logo\\\/image\\\/\",\"url\":\"https:\\\/\\\/www.auraholistichealth.org\\\/wp-content\\\/uploads\\\/AURA-logotype-pay.svg\",\"contentUrl\":\"https:\\\/\\\/www.auraholistichealth.org\\\/wp-content\\\/uploads\\\/AURA-logotype-pay.svg\",\"width\":1445,\"height\":595,\"caption\":\"Aura Holistic Health Org.\"},\"image\":{\"@id\":\"https:\\\/\\\/www.auraholistichealth.org\\\/#\\\/schema\\\/logo\\\/image\\\/\"}}]}<\/script>\n<!-- \/ Yoast SEO plugin. -->","yoast_head_json":{"title":"Informations compl\u00e9mentaires pour les r\u00e9sidents des \u00c9tats-Unis (D\u00e9claration de confidentialit\u00e9 de la r\u00e9gion des \u00c9tats-Unis) | Aura Holistic Health Org.","robots":{"index":"index","follow":"follow","max-snippet":"max-snippet:-1","max-image-preview":"max-image-preview:large","max-video-preview":"max-video-preview:-1"},"canonical":"https:\/\/www.auraholistichealth.org\/fr\/informations-complementaires-pour-les-residents-des-etats-unis-declaration-de-confidentialite-de-la-region-des-etats-unis\/","og_locale":"fr_FR","og_type":"article","og_title":"Informations compl\u00e9mentaires pour les r\u00e9sidents des \u00c9tats-Unis (D\u00e9claration de confidentialit\u00e9 de la r\u00e9gion des \u00c9tats-Unis) | Aura Holistic Health Org.","og_description":"1.Introduction Le pr\u00e9sent document compl\u00e8te la politique de confidentialit\u00e9 d&rsquo;Aura Holistic Health Organization LTD et ne s&rsquo;applique qu&rsquo;aux visiteurs, utilisateurs et autres personnes r\u00e9sidant aux \u00c9tats-Unis d&rsquo;Am\u00e9rique (\u00ab\u00a0consommateurs\u00a0\u00bb ou \u00ab\u00a0vous\u00a0\u00bb). Nous adoptons ce document pour nous conformer aux diverses lois am\u00e9ricaines sur la protection des consommateurs qui peuvent exister dans les diff\u00e9rents \u00c9tats. 2. droits [&hellip;]","og_url":"https:\/\/www.auraholistichealth.org\/fr\/informations-complementaires-pour-les-residents-des-etats-unis-declaration-de-confidentialite-de-la-region-des-etats-unis\/","og_site_name":"Aura Holistic Health Org.","article_modified_time":"2024-10-22T14:41:59+00:00","twitter_card":"summary_large_image","twitter_misc":{"Dur\u00e9e de lecture estim\u00e9e":"3 minutes"},"schema":{"@context":"https:\/\/schema.org","@graph":[{"@type":"WebPage","@id":"https:\/\/www.auraholistichealth.org\/fr\/informations-complementaires-pour-les-residents-des-etats-unis-declaration-de-confidentialite-de-la-region-des-etats-unis\/","url":"https:\/\/www.auraholistichealth.org\/fr\/informations-complementaires-pour-les-residents-des-etats-unis-declaration-de-confidentialite-de-la-region-des-etats-unis\/","name":"Informations compl\u00e9mentaires pour les r\u00e9sidents des \u00c9tats-Unis (D\u00e9claration de confidentialit\u00e9 de la r\u00e9gion des \u00c9tats-Unis) | Aura Holistic Health Org.","isPartOf":{"@id":"https:\/\/www.auraholistichealth.org\/#website"},"datePublished":"2024-07-31T08:04:07+00:00","dateModified":"2024-10-22T14:41:59+00:00","inLanguage":"fr-FR","potentialAction":[{"@type":"ReadAction","target":["https:\/\/www.auraholistichealth.org\/fr\/informations-complementaires-pour-les-residents-des-etats-unis-declaration-de-confidentialite-de-la-region-des-etats-unis\/"]}]},{"@type":"WebSite","@id":"https:\/\/www.auraholistichealth.org\/#website","url":"https:\/\/www.auraholistichealth.org\/","name":"Aura Holistic Health Org.","description":"Heal the world","publisher":{"@id":"https:\/\/www.auraholistichealth.org\/#organization"},"potentialAction":[{"@type":"SearchAction","target":{"@type":"EntryPoint","urlTemplate":"https:\/\/www.auraholistichealth.org\/?s={search_term_string}"},"query-input":{"@type":"PropertyValueSpecification","valueRequired":true,"valueName":"search_term_string"}}],"inLanguage":"fr-FR"},{"@type":"Organization","@id":"https:\/\/www.auraholistichealth.org\/#organization","name":"Aura Holistic Health Org.","url":"https:\/\/www.auraholistichealth.org\/","logo":{"@type":"ImageObject","inLanguage":"fr-FR","@id":"https:\/\/www.auraholistichealth.org\/#\/schema\/logo\/image\/","url":"https:\/\/www.auraholistichealth.org\/wp-content\/uploads\/AURA-logotype-pay.svg","contentUrl":"https:\/\/www.auraholistichealth.org\/wp-content\/uploads\/AURA-logotype-pay.svg","width":1445,"height":595,"caption":"Aura Holistic Health Org."},"image":{"@id":"https:\/\/www.auraholistichealth.org\/#\/schema\/logo\/image\/"}}]}},"_links":{"self":[{"href":"https:\/\/www.auraholistichealth.org\/fr\/wp-json\/wp\/v2\/pages\/5979","targetHints":{"allow":["GET"]}}],"collection":[{"href":"https:\/\/www.auraholistichealth.org\/fr\/wp-json\/wp\/v2\/pages"}],"about":[{"href":"https:\/\/www.auraholistichealth.org\/fr\/wp-json\/wp\/v2\/types\/page"}],"author":[{"embeddable":true,"href":"https:\/\/www.auraholistichealth.org\/fr\/wp-json\/wp\/v2\/users\/8"}],"replies":[{"embeddable":true,"href":"https:\/\/www.auraholistichealth.org\/fr\/wp-json\/wp\/v2\/comments?post=5979"}],"version-history":[{"count":1,"href":"https:\/\/www.auraholistichealth.org\/fr\/wp-json\/wp\/v2\/pages\/5979\/revisions"}],"predecessor-version":[{"id":5981,"href":"https:\/\/www.auraholistichealth.org\/fr\/wp-json\/wp\/v2\/pages\/5979\/revisions\/5981"}],"wp:attachment":[{"href":"https:\/\/www.auraholistichealth.org\/fr\/wp-json\/wp\/v2\/media?parent=5979"}],"curies":[{"name":"wp","href":"https:\/\/api.w.org\/{rel}","templated":true}]}}