{"id":6119,"date":"2019-03-05T13:15:53","date_gmt":"2019-03-05T12:15:53","guid":{"rendered":"https:\/\/www.auraholistichealth.org\/sobre-aura\/"},"modified":"2024-10-22T16:43:38","modified_gmt":"2024-10-22T14:43:38","slug":"sobre-aura","status":"publish","type":"page","link":"https:\/\/www.auraholistichealth.org\/es\/sobre-aura\/","title":{"rendered":"Sobre Aura"},"content":{"rendered":"\t\t<div data-elementor-type=\"wp-post\" data-elementor-id=\"6119\" class=\"elementor elementor-6119 elementor-45\" data-elementor-post-type=\"page\">\n\t\t\t\t<div class=\"elementor-element elementor-element-febab6c e-flex e-con-boxed e-con e-parent\" data-id=\"febab6c\" data-element_type=\"container\" data-e-type=\"container\" data-settings=\"{&quot;background_background&quot;:&quot;classic&quot;}\">\n\t\t\t\t\t<div class=\"e-con-inner\">\n\t\t<div class=\"elementor-element elementor-element-2eaa605 e-con-full e-flex e-con e-child\" data-id=\"2eaa605\" data-element_type=\"container\" data-e-type=\"container\">\n\t\t\t\t<\/div>\n\t\t\t\t\t<\/div>\n\t\t\t\t<\/div>\n\t\t<div class=\"elementor-element elementor-element-ce336dd e-flex e-con-boxed e-con e-parent\" data-id=\"ce336dd\" data-element_type=\"container\" data-e-type=\"container\" data-settings=\"{&quot;background_background&quot;:&quot;classic&quot;}\">\n\t\t\t\t\t<div class=\"e-con-inner\">\n\t\t<div class=\"elementor-element elementor-element-22af8d5 e-con-full e-flex e-con e-child\" data-id=\"22af8d5\" data-element_type=\"container\" data-e-type=\"container\">\n\t\t\t\t<div class=\"elementor-element elementor-element-7712653 elementor-widget elementor-widget-heading\" data-id=\"7712653\" data-element_type=\"widget\" data-e-type=\"widget\" data-widget_type=\"heading.default\">\n\t\t\t\t<div class=\"elementor-widget-container\">\n\t\t\t\t\t<h2 class=\"elementor-heading-title elementor-size-default\">Qui\u00e9nes somos en Aura  <\/h2>\t\t\t\t<\/div>\n\t\t\t\t<\/div>\n\t\t\t\t<div class=\"elementor-element elementor-element-654dde6 elementor-widget elementor-widget-heading\" data-id=\"654dde6\" data-element_type=\"widget\" data-e-type=\"widget\" data-widget_type=\"heading.default\">\n\t\t\t\t<div class=\"elementor-widget-container\">\n\t\t\t\t\t<h3 class=\"elementor-heading-title elementor-size-default\">\"Todos nos dedicamos no s\u00f3lo a tratar los s\u00edntomas de una enfermedad, sino la causa fundamental de una enfermedad: \u00e9se es nuestro secreto para una vida sana\"  <\/h3>\t\t\t\t<\/div>\n\t\t\t\t<\/div>\n\t\t\t\t<\/div>\n\t\t<div class=\"elementor-element elementor-element-6cfcee8 e-flex e-con-boxed e-con e-child\" data-id=\"6cfcee8\" data-element_type=\"container\" data-e-type=\"container\">\n\t\t\t\t\t<div class=\"e-con-inner\">\n\t\t\t\t\t<\/div>\n\t\t\t\t<\/div>\n\t\t\t\t\t<\/div>\n\t\t\t\t<\/div>\n\t\t<div class=\"elementor-element elementor-element-84cd3c3 e-flex e-con-boxed e-con e-parent\" data-id=\"84cd3c3\" data-element_type=\"container\" data-e-type=\"container\" data-settings=\"{&quot;background_background&quot;:&quot;classic&quot;}\">\n\t\t\t\t\t<div class=\"e-con-inner\">\n\t\t<div class=\"elementor-element elementor-element-619aba9 e-flex e-con-boxed e-con e-child\" data-id=\"619aba9\" data-element_type=\"container\" data-e-type=\"container\">\n\t\t\t\t\t<div class=\"e-con-inner\">\n\t\t\t\t<div class=\"elementor-element elementor-element-55324d6 elementor-widget elementor-widget-heading\" data-id=\"55324d6\" data-element_type=\"widget\" data-e-type=\"widget\" data-widget_type=\"heading.default\">\n\t\t\t\t<div class=\"elementor-widget-container\">\n\t\t\t\t\t<h2 class=\"elementor-heading-title elementor-size-default\">Un poco de historia  <\/h2>\t\t\t\t<\/div>\n\t\t\t\t<\/div>\n\t\t\t\t\t<\/div>\n\t\t\t\t<\/div>\n\t\t<div class=\"elementor-element elementor-element-4ddd4d5 e-flex e-con-boxed e-con e-child\" data-id=\"4ddd4d5\" data-element_type=\"container\" data-e-type=\"container\">\n\t\t\t\t\t<div class=\"e-con-inner\">\n\t\t\t\t<div class=\"elementor-element elementor-element-c15a4b5 elementor-widget elementor-widget-n-accordion\" data-id=\"c15a4b5\" data-element_type=\"widget\" data-e-type=\"widget\" data-settings=\"{&quot;default_state&quot;:&quot;expanded&quot;,&quot;max_items_expended&quot;:&quot;one&quot;,&quot;n_accordion_animation_duration&quot;:{&quot;unit&quot;:&quot;ms&quot;,&quot;size&quot;:400,&quot;sizes&quot;:[]}}\" data-widget_type=\"nested-accordion.default\">\n\t\t\t\t<div class=\"elementor-widget-container\">\n\t\t\t\t\t\t\t<div class=\"e-n-accordion\" aria-label=\"Accordion. Open links with Enter or Space, close with Escape, and navigate with Arrow Keys\">\n\t\t\t\t\t\t<details id=\"e-n-accordion-item-2020\" class=\"e-n-accordion-item\" open>\n\t\t\t\t<summary class=\"e-n-accordion-item-title\" data-accordion-index=\"1\" tabindex=\"0\" aria-expanded=\"true\" aria-controls=\"e-n-accordion-item-2020\" >\n\t\t\t\t\t<span class='e-n-accordion-item-title-header'><div class=\"e-n-accordion-item-title-text\"> El problema <\/div><\/span>\n\t\t\t\t\t\t\t<span class='e-n-accordion-item-title-icon'>\n\t\t\t<span class='e-opened' ><i aria-hidden=\"true\" class=\"fas fa-minus\"><\/i><\/span>\n\t\t\t<span class='e-closed'><i aria-hidden=\"true\" class=\"fas fa-plus\"><\/i><\/span>\n\t\t<\/span>\n\n\t\t\t\t\t\t<\/summary>\n\t\t\t\t<div role=\"region\" aria-labelledby=\"e-n-accordion-item-2020\" class=\"elementor-element elementor-element-95667e3 e-con-full e-flex e-con e-parent\" data-id=\"95667e3\" data-element_type=\"container\" data-e-type=\"container\">\n\t\t\t\t<div class=\"elementor-element elementor-element-eca5d77 elementor-widget elementor-widget-text-editor\" data-id=\"eca5d77\" data-element_type=\"widget\" data-e-type=\"widget\" data-widget_type=\"text-editor.default\">\n\t\t\t\t<div class=\"elementor-widget-container\">\n\t\t\t\t\t\t\t\t\tLa poblaci\u00f3n mundial est\u00e1 muy enferma. Alrededor del 95% de la poblaci\u00f3n se enfrenta a enfermedades.  Aura se esfuerza por reducir esa cifra.  \t\t\t\t\t\t\t\t<\/div>\n\t\t\t\t<\/div>\n\t\t\t\t<\/div>\n\t\t\t\t\t<\/details>\n\t\t\t\t\t\t<details id=\"e-n-accordion-item-2021\" class=\"e-n-accordion-item\" >\n\t\t\t\t<summary class=\"e-n-accordion-item-title\" data-accordion-index=\"2\" tabindex=\"-1\" aria-expanded=\"false\" aria-controls=\"e-n-accordion-item-2021\" >\n\t\t\t\t\t<span class='e-n-accordion-item-title-header'><div class=\"e-n-accordion-item-title-text\"> \u00bfPor qu\u00e9 estamos enfermos?   <\/div><\/span>\n\t\t\t\t\t\t\t<span class='e-n-accordion-item-title-icon'>\n\t\t\t<span class='e-opened' ><i aria-hidden=\"true\" class=\"fas fa-minus\"><\/i><\/span>\n\t\t\t<span class='e-closed'><i aria-hidden=\"true\" class=\"fas fa-plus\"><\/i><\/span>\n\t\t<\/span>\n\n\t\t\t\t\t\t<\/summary>\n\t\t\t\t<div role=\"region\" aria-labelledby=\"e-n-accordion-item-2021\" class=\"elementor-element elementor-element-f633ff1 e-con-full e-flex e-con e-parent\" data-id=\"f633ff1\" data-element_type=\"container\" data-e-type=\"container\">\n\t\t\t\t<div class=\"elementor-element elementor-element-3f947e4 elementor-widget elementor-widget-text-editor\" data-id=\"3f947e4\" data-element_type=\"widget\" data-e-type=\"widget\" data-widget_type=\"text-editor.default\">\n\t\t\t\t<div class=\"elementor-widget-container\">\n\t\t\t\t\t\t\t\t\t<p>Debido a un cambio global en la forma en que vivimos, comemos, trabajamos y mucho m\u00e1s, hemos hecho que las enfermedades sean mucho m\u00e1s probables.<\/p>\n<p>Demasiada comida mala y muy poca buena hace que nuestro cuerpo se desequilibre. Los nutrientes que sol\u00edamos obtener ya no est\u00e1n en nuestra comida. Esto puede crear un sistema inmunitario desordenado y nuestro cuerpo f\u00e1cilmente accesible a la enfermedad.    <\/p>\n<p>Esto se acelera por el estr\u00e9s, el poco o ning\u00fan ejercicio, la mala higiene dental y el tratamiento deficiente, la medicina convencional que s\u00f3lo trata los s\u00edntomas, el mal sue\u00f1o, los problemas digestivos y los desequilibrios de la columna vertebral y el cuerpo, etc. Y mucho menos tiempo pasado en la naturaleza y al sol. En definitiva, nuestra sociedad moderna est\u00e1 creando una pandemia de enfermedades&#8230; Aura est\u00e1 aqu\u00ed para darle la vuelta a eso.<\/p>\n\t\t\t\t\t\t\t\t<\/div>\n\t\t\t\t<\/div>\n\t\t\t\t<\/div>\n\t\t\t\t\t<\/details>\n\t\t\t\t\t\t<details id=\"e-n-accordion-item-2022\" class=\"e-n-accordion-item\" >\n\t\t\t\t<summary class=\"e-n-accordion-item-title\" data-accordion-index=\"3\" tabindex=\"-1\" aria-expanded=\"false\" aria-controls=\"e-n-accordion-item-2022\" >\n\t\t\t\t\t<span class='e-n-accordion-item-title-header'><div class=\"e-n-accordion-item-title-text\"> \"Paciente - \"Los primeros pasos si buscas ayuda para tu salud y ayudar a sanar el mundo.   <\/div><\/span>\n\t\t\t\t\t\t\t<span class='e-n-accordion-item-title-icon'>\n\t\t\t<span class='e-opened' ><i aria-hidden=\"true\" class=\"fas fa-minus\"><\/i><\/span>\n\t\t\t<span class='e-closed'><i aria-hidden=\"true\" class=\"fas fa-plus\"><\/i><\/span>\n\t\t<\/span>\n\n\t\t\t\t\t\t<\/summary>\n\t\t\t\t<div role=\"region\" aria-labelledby=\"e-n-accordion-item-2022\" class=\"elementor-element elementor-element-3d54f9e e-con-full e-flex e-con e-parent\" data-id=\"3d54f9e\" data-element_type=\"container\" data-e-type=\"container\">\n\t\t\t\t<div class=\"elementor-element elementor-element-fd906df elementor-icon-list--layout-traditional elementor-list-item-link-full_width elementor-widget elementor-widget-icon-list\" data-id=\"fd906df\" data-element_type=\"widget\" data-e-type=\"widget\" data-widget_type=\"icon-list.default\">\n\t\t\t\t<div class=\"elementor-widget-container\">\n\t\t\t\t\t\t\t<ul class=\"elementor-icon-list-items\">\n\t\t\t\t\t\t\t<li class=\"elementor-icon-list-item\">\n\t\t\t\t\t\t\t\t\t\t\t<span class=\"elementor-icon-list-icon\">\n\t\t\t\t\t\t\t<i aria-hidden=\"true\" class=\"fas fa-check\"><\/i>\t\t\t\t\t\t<\/span>\n\t\t\t\t\t\t\t\t\t\t<span class=\"elementor-icon-list-text\">\u00danete a Aura<\/span>\n\t\t\t\t\t\t\t\t\t<\/li>\n\t\t\t\t\t\t\t\t<li class=\"elementor-icon-list-item\">\n\t\t\t\t\t\t\t\t\t\t\t<span class=\"elementor-icon-list-icon\">\n\t\t\t\t\t\t\t<i aria-hidden=\"true\" class=\"fas fa-check\"><\/i>\t\t\t\t\t\t<\/span>\n\t\t\t\t\t\t\t\t\t\t<span class=\"elementor-icon-list-text\">Consigue el Ebook, l\u00e9elo, es muy f\u00e1cil de leer<\/span>\n\t\t\t\t\t\t\t\t\t<\/li>\n\t\t\t\t\t\t\t\t<li class=\"elementor-icon-list-item\">\n\t\t\t\t\t\t\t\t\t\t\t<span class=\"elementor-icon-list-icon\">\n\t\t\t\t\t\t\t<i aria-hidden=\"true\" class=\"fas fa-check\"><\/i>\t\t\t\t\t\t<\/span>\n\t\t\t\t\t\t\t\t\t\t<span class=\"elementor-icon-list-text\">Haz el test y obt\u00e9n TU PLAN a TU AURA<\/span>\n\t\t\t\t\t\t\t\t\t<\/li>\n\t\t\t\t\t\t\t\t<li class=\"elementor-icon-list-item\">\n\t\t\t\t\t\t\t\t\t\t\t<span class=\"elementor-icon-list-icon\">\n\t\t\t\t\t\t\t<i aria-hidden=\"true\" class=\"fas fa-check\"><\/i>\t\t\t\t\t\t<\/span>\n\t\t\t\t\t\t\t\t\t\t<span class=\"elementor-icon-list-text\">Entonces empieza a cuidar tu cuerpo<\/span>\n\t\t\t\t\t\t\t\t\t<\/li>\n\t\t\t\t\t\t\t\t<li class=\"elementor-icon-list-item\">\n\t\t\t\t\t\t\t\t\t\t\t<span class=\"elementor-icon-list-icon\">\n\t\t\t\t\t\t\t<i aria-hidden=\"true\" class=\"fas fa-check\"><\/i>\t\t\t\t\t\t<\/span>\n\t\t\t\t\t\t\t\t\t\t<span class=\"elementor-icon-list-text\">  Encuentra el Terapeuta que necesitas en nuestra red<\/span>\n\t\t\t\t\t\t\t\t\t<\/li>\n\t\t\t\t\t\t\t\t<li class=\"elementor-icon-list-item\">\n\t\t\t\t\t\t\t\t\t\t\t<span class=\"elementor-icon-list-icon\">\n\t\t\t\t\t\t\t<i aria-hidden=\"true\" class=\"fas fa-check\"><\/i>\t\t\t\t\t\t<\/span>\n\t\t\t\t\t\t\t\t\t\t<span class=\"elementor-icon-list-text\">El precio de oferta \u00fanica 15 libras y despu\u00e9s 1 libra pr. mes para acceder a tu aura, pruebas, y para encontrar el terapeuta que necesitas.   <\/span>\n\t\t\t\t\t\t\t\t\t<\/li>\n\t\t\t\t\t\t\t\t<li class=\"elementor-icon-list-item\">\n\t\t\t\t\t\t\t\t\t\t\t<span class=\"elementor-icon-list-icon\">\n\t\t\t\t\t\t\t<i aria-hidden=\"true\" class=\"fas fa-check\"><\/i>\t\t\t\t\t\t<\/span>\n\t\t\t\t\t\t\t\t\t\t<span class=\"elementor-icon-list-text\">\u00danete a nuestros foros abiertos y aprende de otros seguidores de Aura.<\/span>\n\t\t\t\t\t\t\t\t\t<\/li>\n\t\t\t\t\t\t<\/ul>\n\t\t\t\t\t\t<\/div>\n\t\t\t\t<\/div>\n\t\t\t\t<\/div>\n\t\t\t\t\t<\/details>\n\t\t\t\t\t\t<details id=\"e-n-accordion-item-2023\" class=\"e-n-accordion-item\" >\n\t\t\t\t<summary class=\"e-n-accordion-item-title\" data-accordion-index=\"4\" tabindex=\"-1\" aria-expanded=\"false\" aria-controls=\"e-n-accordion-item-2023\" >\n\t\t\t\t\t<span class='e-n-accordion-item-title-header'><div class=\"e-n-accordion-item-title-text\"> Terapeuta - Los primeros pasos si quieres convertirte en terapeuta certificado del Aura y Ayudar a sanar el mundo   <\/div><\/span>\n\t\t\t\t\t\t\t<span class='e-n-accordion-item-title-icon'>\n\t\t\t<span class='e-opened' ><i aria-hidden=\"true\" class=\"fas fa-minus\"><\/i><\/span>\n\t\t\t<span class='e-closed'><i aria-hidden=\"true\" class=\"fas fa-plus\"><\/i><\/span>\n\t\t<\/span>\n\n\t\t\t\t\t\t<\/summary>\n\t\t\t\t<div role=\"region\" aria-labelledby=\"e-n-accordion-item-2023\" class=\"elementor-element elementor-element-d8185c3 e-con-full e-flex e-con e-parent\" data-id=\"d8185c3\" data-element_type=\"container\" data-e-type=\"container\">\n\t\t\t\t<div class=\"elementor-element elementor-element-7d2f24b elementor-icon-list--layout-traditional elementor-list-item-link-full_width elementor-widget elementor-widget-icon-list\" data-id=\"7d2f24b\" data-element_type=\"widget\" data-e-type=\"widget\" data-widget_type=\"icon-list.default\">\n\t\t\t\t<div class=\"elementor-widget-container\">\n\t\t\t\t\t\t\t<ul class=\"elementor-icon-list-items\">\n\t\t\t\t\t\t\t<li class=\"elementor-icon-list-item\">\n\t\t\t\t\t\t\t\t\t\t\t<span class=\"elementor-icon-list-icon\">\n\t\t\t\t\t\t\t<i aria-hidden=\"true\" class=\"fas fa-check\"><\/i>\t\t\t\t\t\t<\/span>\n\t\t\t\t\t\t\t\t\t\t<span class=\"elementor-icon-list-text\">\u00danete a Aura<\/span>\n\t\t\t\t\t\t\t\t\t<\/li>\n\t\t\t\t\t\t\t\t<li class=\"elementor-icon-list-item\">\n\t\t\t\t\t\t\t\t\t\t\t<span class=\"elementor-icon-list-icon\">\n\t\t\t\t\t\t\t<i aria-hidden=\"true\" class=\"fas fa-check\"><\/i>\t\t\t\t\t\t<\/span>\n\t\t\t\t\t\t\t\t\t\t<span class=\"elementor-icon-list-text\">Acepta las directrices b\u00e1sicas de AHHO<\/span>\n\t\t\t\t\t\t\t\t\t<\/li>\n\t\t\t\t\t\t\t\t<li class=\"elementor-icon-list-item\">\n\t\t\t\t\t\t\t\t\t\t\t<span class=\"elementor-icon-list-icon\">\n\t\t\t\t\t\t\t<i aria-hidden=\"true\" class=\"fas fa-check\"><\/i>\t\t\t\t\t\t<\/span>\n\t\t\t\t\t\t\t\t\t\t<span class=\"elementor-icon-list-text\">Consigue el ebook - l\u00e9elo  <\/span>\n\t\t\t\t\t\t\t\t\t<\/li>\n\t\t\t\t\t\t\t\t<li class=\"elementor-icon-list-item\">\n\t\t\t\t\t\t\t\t\t\t\t<span class=\"elementor-icon-list-icon\">\n\t\t\t\t\t\t\t<i aria-hidden=\"true\" class=\"fas fa-check\"><\/i>\t\t\t\t\t\t<\/span>\n\t\t\t\t\t\t\t\t\t\t<span class=\"elementor-icon-list-text\">S\u00e9 visible en nuestro mapamundi y ay\u00fadanos a ayudar a m\u00e1s personas  <\/span>\n\t\t\t\t\t\t\t\t\t<\/li>\n\t\t\t\t\t\t\t\t<li class=\"elementor-icon-list-item\">\n\t\t\t\t\t\t\t\t\t\t\t<span class=\"elementor-icon-list-icon\">\n\t\t\t\t\t\t\t<i aria-hidden=\"true\" class=\"fas fa-check\"><\/i>\t\t\t\t\t\t<\/span>\n\t\t\t\t\t\t\t\t\t\t<span class=\"elementor-icon-list-text\">El precio es un pago \u00fanico de 15 libras y 2 libras al mes para aparecer en el mapa mundial de AHHO. <\/span>\n\t\t\t\t\t\t\t\t\t<\/li>\n\t\t\t\t\t\t<\/ul>\n\t\t\t\t\t\t<\/div>\n\t\t\t\t<\/div>\n\t\t\t\t<\/div>\n\t\t\t\t\t<\/details>\n\t\t\t\t\t<\/div>\n\t\t\t\t\t\t<\/div>\n\t\t\t\t<\/div>\n\t\t\t\t\t<\/div>\n\t\t\t\t<\/div>\n\t\t\t\t\t<\/div>\n\t\t\t\t<\/div>\n\t\t\t\t<\/div>\n\t\t","protected":false},"excerpt":{"rendered":"<p>Qui\u00e9nes somos en Aura \u00abTodos nos dedicamos no s\u00f3lo a tratar los s\u00edntomas de una enfermedad, sino la causa fundamental de una enfermedad: \u00e9se es nuestro secreto para una vida sana\u00bb Un poco de historia El problema La poblaci\u00f3n mundial est\u00e1 muy enferma. Alrededor del 95% de la poblaci\u00f3n se enfrenta a enfermedades. Aura se [&hellip;]<\/p>\n","protected":false},"author":1,"featured_media":0,"parent":0,"menu_order":0,"comment_status":"closed","ping_status":"closed","template":"","meta":{"_acf_changed":false,"_monsterinsights_skip_tracking":false,"_monsterinsights_sitenote_active":false,"_monsterinsights_sitenote_note":"","_monsterinsights_sitenote_category":0,"footnotes":""},"class_list":["post-6119","page","type-page","status-publish","hentry"],"acf":[],"aioseo_notices":[],"yoast_head":"<!-- This site is optimized with the Yoast SEO plugin v27.4 - https:\/\/yoast.com\/product\/yoast-seo-wordpress\/ -->\n<title>Sobre Aura | Aura Holistic Health Org.<\/title>\n<meta name=\"robots\" content=\"index, follow, max-snippet:-1, max-image-preview:large, max-video-preview:-1\" \/>\n<link rel=\"canonical\" href=\"https:\/\/www.auraholistichealth.org\/es\/sobre-aura\/\" \/>\n<meta property=\"og:locale\" content=\"es_ES\" \/>\n<meta property=\"og:type\" content=\"article\" \/>\n<meta property=\"og:title\" content=\"Sobre Aura | Aura Holistic Health Org.\" \/>\n<meta property=\"og:description\" content=\"Qui\u00e9nes somos en Aura \u00abTodos nos dedicamos no s\u00f3lo a tratar los s\u00edntomas de una enfermedad, sino la causa fundamental de una enfermedad: \u00e9se es nuestro secreto para una vida sana\u00bb Un poco de historia El problema La poblaci\u00f3n mundial est\u00e1 muy enferma. Alrededor del 95% de la poblaci\u00f3n se enfrenta a enfermedades. Aura se [&hellip;]\" \/>\n<meta property=\"og:url\" content=\"https:\/\/www.auraholistichealth.org\/es\/sobre-aura\/\" \/>\n<meta property=\"og:site_name\" content=\"Aura Holistic Health Org.\" \/>\n<meta property=\"article:modified_time\" content=\"2024-10-22T14:43:38+00:00\" \/>\n<meta property=\"og:image\" content=\"https:\/\/www.auraholistichealth.org\/wp-content\/uploads\/elementor\/thumbs\/mature-therapist-talking-to-participants-of-group-therapy-at-mental-health-center--qrksy3dcnnh7p4mjinoi7zmei5zizgu832tys429ws.jpg\" \/>\n<meta name=\"twitter:card\" content=\"summary_large_image\" \/>\n<meta name=\"twitter:label1\" content=\"Tiempo de lectura\" \/>\n\t<meta name=\"twitter:data1\" content=\"3 minutos\" \/>\n<script type=\"application\/ld+json\" class=\"yoast-schema-graph\">{\"@context\":\"https:\\\/\\\/schema.org\",\"@graph\":[{\"@type\":\"WebPage\",\"@id\":\"https:\\\/\\\/www.auraholistichealth.org\\\/es\\\/sobre-aura\\\/\",\"url\":\"https:\\\/\\\/www.auraholistichealth.org\\\/es\\\/sobre-aura\\\/\",\"name\":\"Sobre Aura | Aura Holistic Health Org.\",\"isPartOf\":{\"@id\":\"https:\\\/\\\/www.auraholistichealth.org\\\/#website\"},\"primaryImageOfPage\":{\"@id\":\"https:\\\/\\\/www.auraholistichealth.org\\\/es\\\/sobre-aura\\\/#primaryimage\"},\"image\":{\"@id\":\"https:\\\/\\\/www.auraholistichealth.org\\\/es\\\/sobre-aura\\\/#primaryimage\"},\"thumbnailUrl\":\"https:\\\/\\\/www.auraholistichealth.org\\\/wp-content\\\/uploads\\\/elementor\\\/thumbs\\\/mature-therapist-talking-to-participants-of-group-therapy-at-mental-health-center--qrksy3dcnnh7p4mjinoi7zmei5zizgu832tys429ws.jpg\",\"datePublished\":\"2019-03-05T12:15:53+00:00\",\"dateModified\":\"2024-10-22T14:43:38+00:00\",\"inLanguage\":\"es\",\"potentialAction\":[{\"@type\":\"ReadAction\",\"target\":[\"https:\\\/\\\/www.auraholistichealth.org\\\/es\\\/sobre-aura\\\/\"]}]},{\"@type\":\"ImageObject\",\"inLanguage\":\"es\",\"@id\":\"https:\\\/\\\/www.auraholistichealth.org\\\/es\\\/sobre-aura\\\/#primaryimage\",\"url\":\"https:\\\/\\\/www.auraholistichealth.org\\\/wp-content\\\/uploads\\\/elementor\\\/thumbs\\\/mature-therapist-talking-to-participants-of-group-therapy-at-mental-health-center--qrksy3dcnnh7p4mjinoi7zmei5zizgu832tys429ws.jpg\",\"contentUrl\":\"https:\\\/\\\/www.auraholistichealth.org\\\/wp-content\\\/uploads\\\/elementor\\\/thumbs\\\/mature-therapist-talking-to-participants-of-group-therapy-at-mental-health-center--qrksy3dcnnh7p4mjinoi7zmei5zizgu832tys429ws.jpg\"},{\"@type\":\"WebSite\",\"@id\":\"https:\\\/\\\/www.auraholistichealth.org\\\/#website\",\"url\":\"https:\\\/\\\/www.auraholistichealth.org\\\/\",\"name\":\"Aura Holistic Health Org.\",\"description\":\"Heal the world\",\"publisher\":{\"@id\":\"https:\\\/\\\/www.auraholistichealth.org\\\/#organization\"},\"potentialAction\":[{\"@type\":\"SearchAction\",\"target\":{\"@type\":\"EntryPoint\",\"urlTemplate\":\"https:\\\/\\\/www.auraholistichealth.org\\\/?s={search_term_string}\"},\"query-input\":{\"@type\":\"PropertyValueSpecification\",\"valueRequired\":true,\"valueName\":\"search_term_string\"}}],\"inLanguage\":\"es\"},{\"@type\":\"Organization\",\"@id\":\"https:\\\/\\\/www.auraholistichealth.org\\\/#organization\",\"name\":\"Aura Holistic Health Org.\",\"url\":\"https:\\\/\\\/www.auraholistichealth.org\\\/\",\"logo\":{\"@type\":\"ImageObject\",\"inLanguage\":\"es\",\"@id\":\"https:\\\/\\\/www.auraholistichealth.org\\\/#\\\/schema\\\/logo\\\/image\\\/\",\"url\":\"https:\\\/\\\/www.auraholistichealth.org\\\/wp-content\\\/uploads\\\/AURA-logotype-pay.svg\",\"contentUrl\":\"https:\\\/\\\/www.auraholistichealth.org\\\/wp-content\\\/uploads\\\/AURA-logotype-pay.svg\",\"width\":1445,\"height\":595,\"caption\":\"Aura Holistic Health Org.\"},\"image\":{\"@id\":\"https:\\\/\\\/www.auraholistichealth.org\\\/#\\\/schema\\\/logo\\\/image\\\/\"}}]}<\/script>\n<!-- \/ Yoast SEO plugin. -->","yoast_head_json":{"title":"Sobre Aura | Aura Holistic Health Org.","robots":{"index":"index","follow":"follow","max-snippet":"max-snippet:-1","max-image-preview":"max-image-preview:large","max-video-preview":"max-video-preview:-1"},"canonical":"https:\/\/www.auraholistichealth.org\/es\/sobre-aura\/","og_locale":"es_ES","og_type":"article","og_title":"Sobre Aura | Aura Holistic Health Org.","og_description":"Qui\u00e9nes somos en Aura \u00abTodos nos dedicamos no s\u00f3lo a tratar los s\u00edntomas de una enfermedad, sino la causa fundamental de una enfermedad: \u00e9se es nuestro secreto para una vida sana\u00bb Un poco de historia El problema La poblaci\u00f3n mundial est\u00e1 muy enferma. Alrededor del 95% de la poblaci\u00f3n se enfrenta a enfermedades. Aura se [&hellip;]","og_url":"https:\/\/www.auraholistichealth.org\/es\/sobre-aura\/","og_site_name":"Aura Holistic Health Org.","article_modified_time":"2024-10-22T14:43:38+00:00","og_image":[{"url":"https:\/\/www.auraholistichealth.org\/wp-content\/uploads\/elementor\/thumbs\/mature-therapist-talking-to-participants-of-group-therapy-at-mental-health-center--qrksy3dcnnh7p4mjinoi7zmei5zizgu832tys429ws.jpg","type":"","width":"","height":""}],"twitter_card":"summary_large_image","twitter_misc":{"Tiempo de lectura":"3 minutos"},"schema":{"@context":"https:\/\/schema.org","@graph":[{"@type":"WebPage","@id":"https:\/\/www.auraholistichealth.org\/es\/sobre-aura\/","url":"https:\/\/www.auraholistichealth.org\/es\/sobre-aura\/","name":"Sobre Aura | Aura Holistic Health Org.","isPartOf":{"@id":"https:\/\/www.auraholistichealth.org\/#website"},"primaryImageOfPage":{"@id":"https:\/\/www.auraholistichealth.org\/es\/sobre-aura\/#primaryimage"},"image":{"@id":"https:\/\/www.auraholistichealth.org\/es\/sobre-aura\/#primaryimage"},"thumbnailUrl":"https:\/\/www.auraholistichealth.org\/wp-content\/uploads\/elementor\/thumbs\/mature-therapist-talking-to-participants-of-group-therapy-at-mental-health-center--qrksy3dcnnh7p4mjinoi7zmei5zizgu832tys429ws.jpg","datePublished":"2019-03-05T12:15:53+00:00","dateModified":"2024-10-22T14:43:38+00:00","inLanguage":"es","potentialAction":[{"@type":"ReadAction","target":["https:\/\/www.auraholistichealth.org\/es\/sobre-aura\/"]}]},{"@type":"ImageObject","inLanguage":"es","@id":"https:\/\/www.auraholistichealth.org\/es\/sobre-aura\/#primaryimage","url":"https:\/\/www.auraholistichealth.org\/wp-content\/uploads\/elementor\/thumbs\/mature-therapist-talking-to-participants-of-group-therapy-at-mental-health-center--qrksy3dcnnh7p4mjinoi7zmei5zizgu832tys429ws.jpg","contentUrl":"https:\/\/www.auraholistichealth.org\/wp-content\/uploads\/elementor\/thumbs\/mature-therapist-talking-to-participants-of-group-therapy-at-mental-health-center--qrksy3dcnnh7p4mjinoi7zmei5zizgu832tys429ws.jpg"},{"@type":"WebSite","@id":"https:\/\/www.auraholistichealth.org\/#website","url":"https:\/\/www.auraholistichealth.org\/","name":"Aura Holistic Health Org.","description":"Heal the world","publisher":{"@id":"https:\/\/www.auraholistichealth.org\/#organization"},"potentialAction":[{"@type":"SearchAction","target":{"@type":"EntryPoint","urlTemplate":"https:\/\/www.auraholistichealth.org\/?s={search_term_string}"},"query-input":{"@type":"PropertyValueSpecification","valueRequired":true,"valueName":"search_term_string"}}],"inLanguage":"es"},{"@type":"Organization","@id":"https:\/\/www.auraholistichealth.org\/#organization","name":"Aura Holistic Health Org.","url":"https:\/\/www.auraholistichealth.org\/","logo":{"@type":"ImageObject","inLanguage":"es","@id":"https:\/\/www.auraholistichealth.org\/#\/schema\/logo\/image\/","url":"https:\/\/www.auraholistichealth.org\/wp-content\/uploads\/AURA-logotype-pay.svg","contentUrl":"https:\/\/www.auraholistichealth.org\/wp-content\/uploads\/AURA-logotype-pay.svg","width":1445,"height":595,"caption":"Aura Holistic Health Org."},"image":{"@id":"https:\/\/www.auraholistichealth.org\/#\/schema\/logo\/image\/"}}]}},"_links":{"self":[{"href":"https:\/\/www.auraholistichealth.org\/es\/wp-json\/wp\/v2\/pages\/6119","targetHints":{"allow":["GET"]}}],"collection":[{"href":"https:\/\/www.auraholistichealth.org\/es\/wp-json\/wp\/v2\/pages"}],"about":[{"href":"https:\/\/www.auraholistichealth.org\/es\/wp-json\/wp\/v2\/types\/page"}],"author":[{"embeddable":true,"href":"https:\/\/www.auraholistichealth.org\/es\/wp-json\/wp\/v2\/users\/1"}],"replies":[{"embeddable":true,"href":"https:\/\/www.auraholistichealth.org\/es\/wp-json\/wp\/v2\/comments?post=6119"}],"version-history":[{"count":1,"href":"https:\/\/www.auraholistichealth.org\/es\/wp-json\/wp\/v2\/pages\/6119\/revisions"}],"predecessor-version":[{"id":6121,"href":"https:\/\/www.auraholistichealth.org\/es\/wp-json\/wp\/v2\/pages\/6119\/revisions\/6121"}],"wp:attachment":[{"href":"https:\/\/www.auraholistichealth.org\/es\/wp-json\/wp\/v2\/media?parent=6119"}],"curies":[{"name":"wp","href":"https:\/\/api.w.org\/{rel}","templated":true}]}}