{"id":6067,"date":"2023-07-12T12:05:10","date_gmt":"2023-07-12T10:05:10","guid":{"rendered":"https:\/\/www.auraholistichealth.org\/hazte-terapeuta\/"},"modified":"2024-10-22T16:43:10","modified_gmt":"2024-10-22T14:43:10","slug":"hazte-terapeuta","status":"publish","type":"page","link":"https:\/\/www.auraholistichealth.org\/es\/hazte-terapeuta\/","title":{"rendered":"Hazte Terapeuta"},"content":{"rendered":"\t\t<div data-elementor-type=\"wp-page\" data-elementor-id=\"6067\" class=\"elementor elementor-6067\" data-elementor-post-type=\"page\">\n\t\t\t\t<div class=\"elementor-element elementor-element-ce1f776 e-flex e-con-boxed e-con e-parent\" data-id=\"ce1f776\" data-element_type=\"container\" data-e-type=\"container\">\n\t\t\t\t\t<div class=\"e-con-inner\">\n\t\t\t\t<div class=\"elementor-element elementor-element-2c387f7 elementor-widget elementor-widget-heading\" data-id=\"2c387f7\" data-element_type=\"widget\" data-e-type=\"widget\" data-widget_type=\"heading.default\">\n\t\t\t\t<div class=\"elementor-widget-container\">\n\t\t\t\t\t<h2 class=\"elementor-heading-title elementor-size-default\">Exploraci\u00f3n<\/h2>\t\t\t\t<\/div>\n\t\t\t\t<\/div>\n\t\t\t\t<div class=\"elementor-element elementor-element-57b7513 elementor-widget elementor-widget-text-editor\" data-id=\"57b7513\" data-element_type=\"widget\" data-e-type=\"widget\" data-widget_type=\"text-editor.default\">\n\t\t\t\t<div class=\"elementor-widget-container\">\n\t\t\t\t\t\t\t\t\t<\/p>\n<ul>\n<li>Para que t\u00fa, como terapeuta, formes parte de la Red Aura, necesitamos examinarte para que los pacientes sepan que trabajamos con las mismas directrices b\u00e1sicas.<\/li>\n<li>Responde a las 20 preguntas siguientes con un S\u00cd o un NO: tendr\u00e1s que responder afirmativamente a cada una de las 20 para que te aprueben.  <\/li>\n<li>Puedes inscribirte como individuo o como cl\u00ednica. Si te inscribes como cl\u00ednica, el propietario de la cl\u00ednica es el responsable de que toda la cl\u00ednica conozca las directrices de Aura. <\/li>\n<li>Para que t\u00fa y los pacientes sep\u00e1is cu\u00e1les son las directrices b\u00e1sicas, os recomendaremos encarecidamente que le\u00e1is el libro \u00abC\u00f3mo curar el c\u00e1ncer y otras enfermedades\u00bb poco despu\u00e9s de que os hayan aprobado.  <\/li>\n<\/ul>\n\t\t\t\t\t\t\t\t<\/div>\n\t\t\t\t<\/div>\n\t\t\t\t\t<\/div>\n\t\t\t\t<\/div>\n\t\t\t\t<\/div>\n\t\t","protected":false},"excerpt":{"rendered":"<p>Exploraci\u00f3n Para que t\u00fa, como terapeuta, formes parte de la Red Aura, necesitamos examinarte para que los pacientes sepan que trabajamos con las mismas directrices b\u00e1sicas. Responde a las 20 preguntas siguientes con un S\u00cd o un NO: tendr\u00e1s que responder afirmativamente a cada una de las 20 para que te aprueben. Puedes inscribirte como [&hellip;]<\/p>\n","protected":false},"author":1,"featured_media":0,"parent":0,"menu_order":0,"comment_status":"closed","ping_status":"closed","template":"","meta":{"_acf_changed":false,"_monsterinsights_skip_tracking":false,"_monsterinsights_sitenote_active":false,"_monsterinsights_sitenote_note":"","_monsterinsights_sitenote_category":0,"footnotes":""},"class_list":["post-6067","page","type-page","status-publish","hentry"],"acf":[],"aioseo_notices":[],"yoast_head":"<!-- This site is optimized with the Yoast SEO plugin v27.6 - https:\/\/yoast.com\/product\/yoast-seo-wordpress\/ -->\n<title>Hazte Terapeuta | Aura Holistic Health Org.<\/title>\n<meta name=\"robots\" content=\"index, follow, max-snippet:-1, max-image-preview:large, max-video-preview:-1\" \/>\n<link rel=\"canonical\" href=\"https:\/\/www.auraholistichealth.org\/es\/hazte-terapeuta\/\" \/>\n<meta property=\"og:locale\" content=\"es_ES\" \/>\n<meta property=\"og:type\" content=\"article\" \/>\n<meta property=\"og:title\" content=\"Hazte Terapeuta | Aura Holistic Health Org.\" \/>\n<meta property=\"og:description\" content=\"Exploraci\u00f3n Para que t\u00fa, como terapeuta, formes parte de la Red Aura, necesitamos examinarte para que los pacientes sepan que trabajamos con las mismas directrices b\u00e1sicas. Responde a las 20 preguntas siguientes con un S\u00cd o un NO: tendr\u00e1s que responder afirmativamente a cada una de las 20 para que te aprueben. Puedes inscribirte como [&hellip;]\" \/>\n<meta property=\"og:url\" content=\"https:\/\/www.auraholistichealth.org\/es\/hazte-terapeuta\/\" \/>\n<meta property=\"og:site_name\" content=\"Aura Holistic Health Org.\" \/>\n<meta property=\"article:modified_time\" content=\"2024-10-22T14:43:10+00:00\" \/>\n<meta name=\"twitter:card\" content=\"summary_large_image\" \/>\n<meta name=\"twitter:label1\" content=\"Tiempo de lectura\" \/>\n\t<meta name=\"twitter:data1\" content=\"3 minutos\" \/>\n<script type=\"application\/ld+json\" class=\"yoast-schema-graph\">{\"@context\":\"https:\\\/\\\/schema.org\",\"@graph\":[{\"@type\":\"WebPage\",\"@id\":\"https:\\\/\\\/www.auraholistichealth.org\\\/es\\\/hazte-terapeuta\\\/\",\"url\":\"https:\\\/\\\/www.auraholistichealth.org\\\/es\\\/hazte-terapeuta\\\/\",\"name\":\"Hazte Terapeuta | Aura Holistic Health Org.\",\"isPartOf\":{\"@id\":\"https:\\\/\\\/www.auraholistichealth.org\\\/#website\"},\"datePublished\":\"2023-07-12T10:05:10+00:00\",\"dateModified\":\"2024-10-22T14:43:10+00:00\",\"inLanguage\":\"es\",\"potentialAction\":[{\"@type\":\"ReadAction\",\"target\":[\"https:\\\/\\\/www.auraholistichealth.org\\\/es\\\/hazte-terapeuta\\\/\"]}]},{\"@type\":\"WebSite\",\"@id\":\"https:\\\/\\\/www.auraholistichealth.org\\\/#website\",\"url\":\"https:\\\/\\\/www.auraholistichealth.org\\\/\",\"name\":\"Aura Holistic Health Org.\",\"description\":\"Heal the world\",\"publisher\":{\"@id\":\"https:\\\/\\\/www.auraholistichealth.org\\\/#organization\"},\"potentialAction\":[{\"@type\":\"SearchAction\",\"target\":{\"@type\":\"EntryPoint\",\"urlTemplate\":\"https:\\\/\\\/www.auraholistichealth.org\\\/?s={search_term_string}\"},\"query-input\":{\"@type\":\"PropertyValueSpecification\",\"valueRequired\":true,\"valueName\":\"search_term_string\"}}],\"inLanguage\":\"es\"},{\"@type\":\"Organization\",\"@id\":\"https:\\\/\\\/www.auraholistichealth.org\\\/#organization\",\"name\":\"Aura Holistic Health Org.\",\"url\":\"https:\\\/\\\/www.auraholistichealth.org\\\/\",\"logo\":{\"@type\":\"ImageObject\",\"inLanguage\":\"es\",\"@id\":\"https:\\\/\\\/www.auraholistichealth.org\\\/#\\\/schema\\\/logo\\\/image\\\/\",\"url\":\"https:\\\/\\\/www.auraholistichealth.org\\\/wp-content\\\/uploads\\\/AURA-logotype-pay.svg\",\"contentUrl\":\"https:\\\/\\\/www.auraholistichealth.org\\\/wp-content\\\/uploads\\\/AURA-logotype-pay.svg\",\"width\":1445,\"height\":595,\"caption\":\"Aura Holistic Health Org.\"},\"image\":{\"@id\":\"https:\\\/\\\/www.auraholistichealth.org\\\/#\\\/schema\\\/logo\\\/image\\\/\"}}]}<\/script>\n<!-- \/ Yoast SEO plugin. -->","yoast_head_json":{"title":"Hazte Terapeuta | Aura Holistic Health Org.","robots":{"index":"index","follow":"follow","max-snippet":"max-snippet:-1","max-image-preview":"max-image-preview:large","max-video-preview":"max-video-preview:-1"},"canonical":"https:\/\/www.auraholistichealth.org\/es\/hazte-terapeuta\/","og_locale":"es_ES","og_type":"article","og_title":"Hazte Terapeuta | Aura Holistic Health Org.","og_description":"Exploraci\u00f3n Para que t\u00fa, como terapeuta, formes parte de la Red Aura, necesitamos examinarte para que los pacientes sepan que trabajamos con las mismas directrices b\u00e1sicas. Responde a las 20 preguntas siguientes con un S\u00cd o un NO: tendr\u00e1s que responder afirmativamente a cada una de las 20 para que te aprueben. Puedes inscribirte como [&hellip;]","og_url":"https:\/\/www.auraholistichealth.org\/es\/hazte-terapeuta\/","og_site_name":"Aura Holistic Health Org.","article_modified_time":"2024-10-22T14:43:10+00:00","twitter_card":"summary_large_image","twitter_misc":{"Tiempo de lectura":"3 minutos"},"schema":{"@context":"https:\/\/schema.org","@graph":[{"@type":"WebPage","@id":"https:\/\/www.auraholistichealth.org\/es\/hazte-terapeuta\/","url":"https:\/\/www.auraholistichealth.org\/es\/hazte-terapeuta\/","name":"Hazte Terapeuta | Aura Holistic Health Org.","isPartOf":{"@id":"https:\/\/www.auraholistichealth.org\/#website"},"datePublished":"2023-07-12T10:05:10+00:00","dateModified":"2024-10-22T14:43:10+00:00","inLanguage":"es","potentialAction":[{"@type":"ReadAction","target":["https:\/\/www.auraholistichealth.org\/es\/hazte-terapeuta\/"]}]},{"@type":"WebSite","@id":"https:\/\/www.auraholistichealth.org\/#website","url":"https:\/\/www.auraholistichealth.org\/","name":"Aura Holistic Health Org.","description":"Heal the world","publisher":{"@id":"https:\/\/www.auraholistichealth.org\/#organization"},"potentialAction":[{"@type":"SearchAction","target":{"@type":"EntryPoint","urlTemplate":"https:\/\/www.auraholistichealth.org\/?s={search_term_string}"},"query-input":{"@type":"PropertyValueSpecification","valueRequired":true,"valueName":"search_term_string"}}],"inLanguage":"es"},{"@type":"Organization","@id":"https:\/\/www.auraholistichealth.org\/#organization","name":"Aura Holistic Health Org.","url":"https:\/\/www.auraholistichealth.org\/","logo":{"@type":"ImageObject","inLanguage":"es","@id":"https:\/\/www.auraholistichealth.org\/#\/schema\/logo\/image\/","url":"https:\/\/www.auraholistichealth.org\/wp-content\/uploads\/AURA-logotype-pay.svg","contentUrl":"https:\/\/www.auraholistichealth.org\/wp-content\/uploads\/AURA-logotype-pay.svg","width":1445,"height":595,"caption":"Aura Holistic Health Org."},"image":{"@id":"https:\/\/www.auraholistichealth.org\/#\/schema\/logo\/image\/"}}]}},"_links":{"self":[{"href":"https:\/\/www.auraholistichealth.org\/es\/wp-json\/wp\/v2\/pages\/6067","targetHints":{"allow":["GET"]}}],"collection":[{"href":"https:\/\/www.auraholistichealth.org\/es\/wp-json\/wp\/v2\/pages"}],"about":[{"href":"https:\/\/www.auraholistichealth.org\/es\/wp-json\/wp\/v2\/types\/page"}],"author":[{"embeddable":true,"href":"https:\/\/www.auraholistichealth.org\/es\/wp-json\/wp\/v2\/users\/1"}],"replies":[{"embeddable":true,"href":"https:\/\/www.auraholistichealth.org\/es\/wp-json\/wp\/v2\/comments?post=6067"}],"version-history":[{"count":1,"href":"https:\/\/www.auraholistichealth.org\/es\/wp-json\/wp\/v2\/pages\/6067\/revisions"}],"predecessor-version":[{"id":6069,"href":"https:\/\/www.auraholistichealth.org\/es\/wp-json\/wp\/v2\/pages\/6067\/revisions\/6069"}],"wp:attachment":[{"href":"https:\/\/www.auraholistichealth.org\/es\/wp-json\/wp\/v2\/media?parent=6067"}],"curies":[{"name":"wp","href":"https:\/\/api.w.org\/{rel}","templated":true}]}}