{"id":5561,"date":"2019-03-05T08:52:36","date_gmt":"2019-03-05T07:52:36","guid":{"rendered":"https:\/\/www.auraholistichealth.org\/politica-de-privacidad\/"},"modified":"2024-10-22T16:36:54","modified_gmt":"2024-10-22T14:36:54","slug":"politica-de-privacidad","status":"publish","type":"page","link":"https:\/\/www.auraholistichealth.org\/es\/politica-de-privacidad\/","title":{"rendered":"Pol\u00edtica de privacidad"},"content":{"rendered":"\t\t<div data-elementor-type=\"wp-page\" data-elementor-id=\"5561\" class=\"elementor elementor-5561\" data-elementor-post-type=\"page\">\n\t\t\t\t<div class=\"elementor-element elementor-element-29eacd0 e-flex e-con-boxed e-con e-parent\" data-id=\"29eacd0\" data-element_type=\"container\" data-e-type=\"container\" data-settings=\"{&quot;background_background&quot;:&quot;classic&quot;}\">\n\t\t\t\t\t<div class=\"e-con-inner\">\n\t\t<div class=\"elementor-element elementor-element-c90c92b e-con-full e-flex e-con e-child\" data-id=\"c90c92b\" data-element_type=\"container\" data-e-type=\"container\">\n\t\t\t\t<\/div>\n\t\t\t\t\t<\/div>\n\t\t\t\t<\/div>\n\t\t<div class=\"elementor-element elementor-element-c1102cb e-con-full e-flex e-con e-parent\" data-id=\"c1102cb\" data-element_type=\"container\" data-e-type=\"container\" data-settings=\"{&quot;background_background&quot;:&quot;classic&quot;}\">\n\t\t\t\t<div class=\"elementor-element elementor-element-871f595 elementor-widget__width-initial elementor-widget elementor-widget-text-editor\" data-id=\"871f595\" data-element_type=\"widget\" data-e-type=\"widget\" data-widget_type=\"text-editor.default\">\n\t\t\t\t<div class=\"elementor-widget-container\">\n\t\t\t\t\t\t\t\t\t<h4>1.Introducci\u00f3n y alcance<\/h4>\n<p>Aura Holistic Health Organisation LTD (https:\/\/www.auraholistichealth.org\/) se compromete a proteger tus datos personales. Esta Pol\u00edtica de Privacidad explica c\u00f3mo tratamos los datos personales que nos proporcionas o que recabamos de ti cuando utilizas nuestros servicios o interact\u00faas con nuestro sitio web. Esta pol\u00edtica se aplica siempre que actuemos como responsables del tratamiento de tus datos.  <\/p>\n<p>Si eres residente en California y se te aplica la Ley de Privacidad del Consumidor de California (\u00abCCPA\u00bb), consulta la informaci\u00f3n adicional que complementa esta Pol\u00edtica de Privacidad en la <a href=\"https:\/\/www.auraholistichealth.org\/additional-information-for-california-residents-california-consumer-privacy-act-ccpa\/\">Declaraci\u00f3n de Privacidad para Residentes en California<\/a>. Los residentes de diferentes estados de EE.UU. tienen derechos y condiciones adicionales detallados en la <a href=\"https:\/\/www.auraholistichealth.org\/additional-information-for-us-residents-us-region-privacy-statement\/\">Declaraci\u00f3n de Privacidad<\/a> de <a href=\"https:\/\/www.auraholistichealth.org\/additional-information-for-us-residents-us-region-privacy-statement\/\">la Regi\u00f3n de EE.UU.<\/a> <\/p>\n<h4>2.Informaci\u00f3n de contacto del controlador de datos<\/h4>\n<p>Somos los responsables del tratamiento de los datos personales de nuestros usuarios y socios comerciales. Puedes encontrar nuestra informaci\u00f3n de contacto a continuaci\u00f3n: <\/p>\n<p>Aura Holistic Health Organisation LTD<br \/>112c High Street, Hadleigh,<br \/>Ipswich, Inglaterra, IP7 5EL<br \/>C.N.: 14863581 <br \/>Correo electr\u00f3nico: info@auraholistichealth.org (Incluye \u00abPol\u00edtica de privacidad\u00bb en el asunto)<\/p>\n<p>No dudes en ponerte en contacto con nosotros si tienes alguna pregunta sobre el tratamiento de tus datos, para ejercer tus derechos, para modificar o eliminar tus datos personales, o para informarte sobre esta pol\u00edtica de privacidad.<\/p>\n<h4>3.Actividades de procesamiento de datos<\/h4>\n<h6>3.1 Visita al sitio web<\/h6>\n<p>Cuando visitas nuestro sitio web (https:\/\/www.auraholistichealth.org\/), utilizamos cookies necesarias para la funcionalidad del sitio web. Puedes leer m\u00e1s sobre esto en nuestra <a href=\"https:\/\/www.auraholistichealth.org\/opt-out-preferences\/\">Pol\u00edtica de Cookies<\/a>. Puedes rechazar el uso de cookies en cualquier momento cambiando la configuraci\u00f3n correspondiente de tu navegador.    <\/p>\n<h6>3.2 Comunicaci\u00f3n con los usuarios o posibles usuarios<\/h6>\n<p>Cuando te pones en contacto con nosotros para hacernos preguntas sobre nuestro sitio o nuestros servicios a trav\u00e9s del correo electr\u00f3nico o del formulario de contacto, procesamos tus datos personales para responder a tus consultas. Los datos procesados suelen incluir tu nombre y correo electr\u00f3nico. Nuestra autoridad para procesar estos datos personales se basa en el Art\u00edculo 6(1)(f) del GDPR &#8211; intereses leg\u00edtimos.  <\/p>\n<h6>3.3 Bolet\u00edn informativo<\/h6>\n<p>Ofrecemos una suscripci\u00f3n voluntaria al bolet\u00edn informativo. El prop\u00f3sito es enviar correos electr\u00f3nicos con nueva informaci\u00f3n de la empresa, incluyendo nuevos contenidos en el sitio web y publicidad de nuestros servicios. Nuestra autoridad para procesar tus datos personales (direcci\u00f3n de correo electr\u00f3nico) para el bolet\u00edn se basa en el Art\u00edculo 6(1)(a) del GDPR &#8211; consentimiento.  <\/p>\n<h6>3.4 Miembros de la Plataforma Aura<\/h6>\n<p>Nos comunicamos con nuestros usuarios para garantizar la correcta prestaci\u00f3n de los servicios. Esto puede incluir el procesamiento de informaci\u00f3n como nombre, correo electr\u00f3nico, direcci\u00f3n, servicios, acuerdos especiales, informaci\u00f3n de pago y datos t\u00e9cnicos como direcci\u00f3n IP y ubicaci\u00f3n geogr\u00e1fica. Nuestra autoridad para procesar estos datos personales se basa en el Art\u00edculo 6(1)(b) del GDPR &#8211; ejecuci\u00f3n de un contrato.  <\/p>\n<h6>3.5 Formas de pago<\/h6>\n<p>Cuando compras un art\u00edculo en nuestra tienda online (tienda Aura), tu informaci\u00f3n de pago es procesada por una pasarela de pago. Los proveedores de estas pasarelas act\u00faan como controladores de datos independientes. Nuestra autoridad para procesar tus datos personales (informaci\u00f3n de facturaci\u00f3n) para pagos se basa en el Art\u00edculo 6(1)(a) y (f) del GDPR &#8211; consentimiento e intereses leg\u00edtimos.  <\/p>\n<h6>3.6 Env\u00edo<\/h6>\n<p>Si recibes mercanc\u00edas de nuestro almac\u00e9n, procesamos los n\u00fameros de pedido y la informaci\u00f3n de contacto del cliente con fines de env\u00edo. Los datos personales se transfieren a la empresa de transporte responsable de la entrega. Nuestra autoridad para procesar estos datos (nombre, direcci\u00f3n, n\u00famero de m\u00f3vil, correo electr\u00f3nico) se basa en el Art\u00edculo 6(1)(a) del GDPR &#8211; consentimiento.  <\/p>\n<h6>3.7 Contabilidad<\/h6>\n<p>Conservamos todos los documentos contables, incluidas las facturas, con fines contables, que pueden contener datos personales generales como el nombre y la direcci\u00f3n. Nuestra autoridad para procesar estos datos para la contabilidad se basa en el art\u00edculo 6(1)(c) del GDPR: cumplimiento de una obligaci\u00f3n legal. <\/p>\n<h6>3.8 Reclamaciones<\/h6>\n<p>Puedes ponerte en contacto con nosotros para presentar una queja a trav\u00e9s de info@auraholistichealth.org. Tramitaremos tu queja de acuerdo con la legislaci\u00f3n aplicable en un plazo de 28 d\u00edas o te notificaremos si es necesaria una pr\u00f3rroga. <\/p>\n<h4>4.Procesadores de datos<\/h4>\n<p>Utilizamos socios comerciales y proveedores (procesadores de datos) para tratar datos personales en nuestro nombre, asegur\u00e1ndonos de que cumplen nuestras normas de protecci\u00f3n de datos. Celebramos acuerdos con estos procesadores de datos para salvaguardar tus datos personales. <\/p>\n<h4>5.Divulgaci\u00f3n de datos personales<\/h4>\n<p>Transferimos datos personales a terceros, incluidos proveedores de servicios y socios comerciales, para que nos ayuden a prestar nuestros servicios. Todas las transferencias se realizan cumpliendo estrictas pr\u00e1cticas de protecci\u00f3n de datos y privacidad. <\/p>\n<h4>6.Transferencias a terceros pa\u00edses<\/h4>\n<p>Utilizamos principalmente procesadores de datos dentro de la UE\/EEE. Cuando sea necesario, los datos pueden transferirse a procesadores fuera de la UE\/EEE, siempre que garanticen una protecci\u00f3n adecuada de tus datos personales mediante las salvaguardias apropiadas. <\/p>\n<h4>7.Tratamiento Seguridad<\/h4>\n<p>Nos tomamos en serio la seguridad de la informaci\u00f3n y aplicamos medidas t\u00e9cnicas y organizativas para proteger tus datos personales. Estas medidas se eval\u00faan peri\u00f3dicamente para mantener la seguridad del tratamiento de datos. <\/p>\n<h4>8. Los derechos de los interesados<\/h4>\n<p>Tienes varios derechos en relaci\u00f3n con el tratamiento que hacemos de tus datos personales:<\/p>\n<p>&#8211; <strong>Derecho de acceso<\/strong>: Tienes derecho a conocer la informaci\u00f3n que procesamos sobre ti.<\/p>\n<p>&#8211; <strong>Derecho de rectificaci\u00f3n<\/strong>: Tienes derecho a que se rectifique la informaci\u00f3n incorrecta sobre ti.<\/p>\n<p>&#8211; <strong>Derecho de supresi\u00f3n<\/strong>: En determinados casos, tienes derecho a que se supriman tus datos antes de que se produzca la supresi\u00f3n general habitual.<\/p>\n<p>&#8211; <strong>Derecho a la restricci\u00f3n del tratamiento<\/strong>: En determinados casos, tienes derecho a restringir el tratamiento de tus datos personales.<\/p>\n<p>&#8211; <strong>Derecho de oposici\u00f3n<\/strong>: Tienes derecho a oponerte a que procesemos tus datos personales en determinadas circunstancias, incluido el marketing directo.<\/p>\n<p>&#8211; <strong>Derecho a la portabilidad de datos<\/strong>: En determinados casos, tienes derecho a recibir tus datos personales en un formato estructurado, de uso com\u00fan y lectura mec\u00e1nica, y a que se transfieran a otro responsable del tratamiento.<\/p>\n<p>&#8211; <strong>Derecho a retirar el consentimiento<\/strong>: Cuando nuestro tratamiento se base en tu consentimiento, tienes derecho a retirar tu consentimiento en cualquier momento.<\/p>\n<h4>9.Almacenamiento y eliminaci\u00f3n<\/h4>\n<p>Conservamos tus datos personales s\u00f3lo el tiempo necesario para cumplir los fines descritos anteriormente. Los datos pueden almacenarse durante m\u00e1s tiempo si se anonimizan o lo exige la ley. <\/p>\n<h4>10.Menores<\/h4>\n<p>No vendemos la informaci\u00f3n personal y no tenemos conocimiento real de que vendamos la informaci\u00f3n personal de menores de 16 a\u00f1os. Ponte en contacto con nosotros a trav\u00e9s de info@auraholistichealth.org. para informarnos si t\u00fa, o tu hijo menor de edad, sois menores de 16 a\u00f1os.  <\/p>\n<h4>11. Denuncia ante la Autoridad de Protecci\u00f3n de Datos<\/h4>\n<p>Si no est\u00e1s satisfecho con nuestro tratamiento de tus datos personales, tienes derecho a presentar una reclamaci\u00f3n ante la Autoridad de Protecci\u00f3n de Datos.<\/p>\n\t\t\t\t\t\t\t\t<\/div>\n\t\t\t\t<\/div>\n\t\t\t\t<\/div>\n\t\t\t\t<\/div>\n\t\t","protected":false},"excerpt":{"rendered":"<p>1.Introducci\u00f3n y alcance Aura Holistic Health Organisation LTD (https:\/\/www.auraholistichealth.org\/) se compromete a proteger tus datos personales. Esta Pol\u00edtica de Privacidad explica c\u00f3mo tratamos los datos personales que nos proporcionas o que recabamos de ti cuando utilizas nuestros servicios o interact\u00faas con nuestro sitio web. Esta pol\u00edtica se aplica siempre que actuemos como responsables del tratamiento [&hellip;]<\/p>\n","protected":false},"author":1,"featured_media":0,"parent":0,"menu_order":0,"comment_status":"closed","ping_status":"closed","template":"","meta":{"_acf_changed":false,"_monsterinsights_skip_tracking":false,"_monsterinsights_sitenote_active":false,"_monsterinsights_sitenote_note":"","_monsterinsights_sitenote_category":0,"footnotes":""},"class_list":["post-5561","page","type-page","status-publish","hentry"],"acf":[],"aioseo_notices":[],"yoast_head":"<!-- This site is optimized with the Yoast SEO plugin v27.6 - https:\/\/yoast.com\/product\/yoast-seo-wordpress\/ -->\n<title>Pol\u00edtica de privacidad | Aura Holistic Health Org.<\/title>\n<meta name=\"robots\" content=\"index, follow, max-snippet:-1, max-image-preview:large, max-video-preview:-1\" \/>\n<link rel=\"canonical\" href=\"https:\/\/www.auraholistichealth.org\/es\/politica-de-privacidad\/\" \/>\n<meta property=\"og:locale\" content=\"es_ES\" \/>\n<meta property=\"og:type\" content=\"article\" \/>\n<meta property=\"og:title\" content=\"Pol\u00edtica de privacidad | Aura Holistic Health Org.\" \/>\n<meta property=\"og:description\" content=\"1.Introducci\u00f3n y alcance Aura Holistic Health Organisation LTD (https:\/\/www.auraholistichealth.org\/) se compromete a proteger tus datos personales. Esta Pol\u00edtica de Privacidad explica c\u00f3mo tratamos los datos personales que nos proporcionas o que recabamos de ti cuando utilizas nuestros servicios o interact\u00faas con nuestro sitio web. Esta pol\u00edtica se aplica siempre que actuemos como responsables del tratamiento [&hellip;]\" \/>\n<meta property=\"og:url\" content=\"https:\/\/www.auraholistichealth.org\/es\/politica-de-privacidad\/\" \/>\n<meta property=\"og:site_name\" content=\"Aura Holistic Health Org.\" \/>\n<meta property=\"article:modified_time\" content=\"2024-10-22T14:36:54+00:00\" \/>\n<meta name=\"twitter:card\" content=\"summary_large_image\" \/>\n<meta name=\"twitter:label1\" content=\"Tiempo de lectura\" \/>\n\t<meta name=\"twitter:data1\" content=\"6 minutos\" \/>\n<script type=\"application\/ld+json\" class=\"yoast-schema-graph\">{\"@context\":\"https:\\\/\\\/schema.org\",\"@graph\":[{\"@type\":\"WebPage\",\"@id\":\"https:\\\/\\\/www.auraholistichealth.org\\\/es\\\/politica-de-privacidad\\\/\",\"url\":\"https:\\\/\\\/www.auraholistichealth.org\\\/es\\\/politica-de-privacidad\\\/\",\"name\":\"Pol\u00edtica de privacidad | Aura Holistic Health Org.\",\"isPartOf\":{\"@id\":\"https:\\\/\\\/www.auraholistichealth.org\\\/#website\"},\"datePublished\":\"2019-03-05T07:52:36+00:00\",\"dateModified\":\"2024-10-22T14:36:54+00:00\",\"inLanguage\":\"es\",\"potentialAction\":[{\"@type\":\"ReadAction\",\"target\":[\"https:\\\/\\\/www.auraholistichealth.org\\\/es\\\/politica-de-privacidad\\\/\"]}]},{\"@type\":\"WebSite\",\"@id\":\"https:\\\/\\\/www.auraholistichealth.org\\\/#website\",\"url\":\"https:\\\/\\\/www.auraholistichealth.org\\\/\",\"name\":\"Aura Holistic Health Org.\",\"description\":\"Heal the world\",\"publisher\":{\"@id\":\"https:\\\/\\\/www.auraholistichealth.org\\\/#organization\"},\"potentialAction\":[{\"@type\":\"SearchAction\",\"target\":{\"@type\":\"EntryPoint\",\"urlTemplate\":\"https:\\\/\\\/www.auraholistichealth.org\\\/?s={search_term_string}\"},\"query-input\":{\"@type\":\"PropertyValueSpecification\",\"valueRequired\":true,\"valueName\":\"search_term_string\"}}],\"inLanguage\":\"es\"},{\"@type\":\"Organization\",\"@id\":\"https:\\\/\\\/www.auraholistichealth.org\\\/#organization\",\"name\":\"Aura Holistic Health Org.\",\"url\":\"https:\\\/\\\/www.auraholistichealth.org\\\/\",\"logo\":{\"@type\":\"ImageObject\",\"inLanguage\":\"es\",\"@id\":\"https:\\\/\\\/www.auraholistichealth.org\\\/#\\\/schema\\\/logo\\\/image\\\/\",\"url\":\"https:\\\/\\\/www.auraholistichealth.org\\\/wp-content\\\/uploads\\\/AURA-logotype-pay.svg\",\"contentUrl\":\"https:\\\/\\\/www.auraholistichealth.org\\\/wp-content\\\/uploads\\\/AURA-logotype-pay.svg\",\"width\":1445,\"height\":595,\"caption\":\"Aura Holistic Health Org.\"},\"image\":{\"@id\":\"https:\\\/\\\/www.auraholistichealth.org\\\/#\\\/schema\\\/logo\\\/image\\\/\"}}]}<\/script>\n<!-- \/ Yoast SEO plugin. -->","yoast_head_json":{"title":"Pol\u00edtica de privacidad | Aura Holistic Health Org.","robots":{"index":"index","follow":"follow","max-snippet":"max-snippet:-1","max-image-preview":"max-image-preview:large","max-video-preview":"max-video-preview:-1"},"canonical":"https:\/\/www.auraholistichealth.org\/es\/politica-de-privacidad\/","og_locale":"es_ES","og_type":"article","og_title":"Pol\u00edtica de privacidad | Aura Holistic Health Org.","og_description":"1.Introducci\u00f3n y alcance Aura Holistic Health Organisation LTD (https:\/\/www.auraholistichealth.org\/) se compromete a proteger tus datos personales. Esta Pol\u00edtica de Privacidad explica c\u00f3mo tratamos los datos personales que nos proporcionas o que recabamos de ti cuando utilizas nuestros servicios o interact\u00faas con nuestro sitio web. Esta pol\u00edtica se aplica siempre que actuemos como responsables del tratamiento [&hellip;]","og_url":"https:\/\/www.auraholistichealth.org\/es\/politica-de-privacidad\/","og_site_name":"Aura Holistic Health Org.","article_modified_time":"2024-10-22T14:36:54+00:00","twitter_card":"summary_large_image","twitter_misc":{"Tiempo de lectura":"6 minutos"},"schema":{"@context":"https:\/\/schema.org","@graph":[{"@type":"WebPage","@id":"https:\/\/www.auraholistichealth.org\/es\/politica-de-privacidad\/","url":"https:\/\/www.auraholistichealth.org\/es\/politica-de-privacidad\/","name":"Pol\u00edtica de privacidad | Aura Holistic Health Org.","isPartOf":{"@id":"https:\/\/www.auraholistichealth.org\/#website"},"datePublished":"2019-03-05T07:52:36+00:00","dateModified":"2024-10-22T14:36:54+00:00","inLanguage":"es","potentialAction":[{"@type":"ReadAction","target":["https:\/\/www.auraholistichealth.org\/es\/politica-de-privacidad\/"]}]},{"@type":"WebSite","@id":"https:\/\/www.auraholistichealth.org\/#website","url":"https:\/\/www.auraholistichealth.org\/","name":"Aura Holistic Health Org.","description":"Heal the world","publisher":{"@id":"https:\/\/www.auraholistichealth.org\/#organization"},"potentialAction":[{"@type":"SearchAction","target":{"@type":"EntryPoint","urlTemplate":"https:\/\/www.auraholistichealth.org\/?s={search_term_string}"},"query-input":{"@type":"PropertyValueSpecification","valueRequired":true,"valueName":"search_term_string"}}],"inLanguage":"es"},{"@type":"Organization","@id":"https:\/\/www.auraholistichealth.org\/#organization","name":"Aura Holistic Health Org.","url":"https:\/\/www.auraholistichealth.org\/","logo":{"@type":"ImageObject","inLanguage":"es","@id":"https:\/\/www.auraholistichealth.org\/#\/schema\/logo\/image\/","url":"https:\/\/www.auraholistichealth.org\/wp-content\/uploads\/AURA-logotype-pay.svg","contentUrl":"https:\/\/www.auraholistichealth.org\/wp-content\/uploads\/AURA-logotype-pay.svg","width":1445,"height":595,"caption":"Aura Holistic Health Org."},"image":{"@id":"https:\/\/www.auraholistichealth.org\/#\/schema\/logo\/image\/"}}]}},"_links":{"self":[{"href":"https:\/\/www.auraholistichealth.org\/es\/wp-json\/wp\/v2\/pages\/5561","targetHints":{"allow":["GET"]}}],"collection":[{"href":"https:\/\/www.auraholistichealth.org\/es\/wp-json\/wp\/v2\/pages"}],"about":[{"href":"https:\/\/www.auraholistichealth.org\/es\/wp-json\/wp\/v2\/types\/page"}],"author":[{"embeddable":true,"href":"https:\/\/www.auraholistichealth.org\/es\/wp-json\/wp\/v2\/users\/1"}],"replies":[{"embeddable":true,"href":"https:\/\/www.auraholistichealth.org\/es\/wp-json\/wp\/v2\/comments?post=5561"}],"version-history":[{"count":1,"href":"https:\/\/www.auraholistichealth.org\/es\/wp-json\/wp\/v2\/pages\/5561\/revisions"}],"predecessor-version":[{"id":5563,"href":"https:\/\/www.auraholistichealth.org\/es\/wp-json\/wp\/v2\/pages\/5561\/revisions\/5563"}],"wp:attachment":[{"href":"https:\/\/www.auraholistichealth.org\/es\/wp-json\/wp\/v2\/media?parent=5561"}],"curies":[{"name":"wp","href":"https:\/\/api.w.org\/{rel}","templated":true}]}}