{"id":6071,"date":"2023-07-12T12:05:10","date_gmt":"2023-07-12T10:05:10","guid":{"rendered":"https:\/\/www.auraholistichealth.org\/therapeut-werden\/"},"modified":"2024-10-22T16:43:10","modified_gmt":"2024-10-22T14:43:10","slug":"therapeut-werden","status":"publish","type":"page","link":"https:\/\/www.auraholistichealth.org\/de\/therapeut-werden\/","title":{"rendered":"Therapeut werden"},"content":{"rendered":"\t\t<div data-elementor-type=\"wp-page\" data-elementor-id=\"6071\" class=\"elementor elementor-6071\" data-elementor-post-type=\"page\">\n\t\t\t\t<div class=\"elementor-element elementor-element-ce1f776 e-flex e-con-boxed e-con e-parent\" data-id=\"ce1f776\" data-element_type=\"container\" data-e-type=\"container\">\n\t\t\t\t\t<div class=\"e-con-inner\">\n\t\t\t\t<div class=\"elementor-element elementor-element-2c387f7 elementor-widget elementor-widget-heading\" data-id=\"2c387f7\" data-element_type=\"widget\" data-e-type=\"widget\" data-widget_type=\"heading.default\">\n\t\t\t\t<div class=\"elementor-widget-container\">\n\t\t\t\t\t<h2 class=\"elementor-heading-title elementor-size-default\">Screening<\/h2>\t\t\t\t<\/div>\n\t\t\t\t<\/div>\n\t\t\t\t<div class=\"elementor-element elementor-element-57b7513 elementor-widget elementor-widget-text-editor\" data-id=\"57b7513\" data-element_type=\"widget\" data-e-type=\"widget\" data-widget_type=\"text-editor.default\">\n\t\t\t\t<div class=\"elementor-widget-container\">\n\t\t\t\t\t\t\t\t\t<\/p>\n<ul>\n<li>Damit Sie als Therapeut Teil des Aura-Netzwerks werden k\u00f6nnen, m\u00fcssen wir Sie \u00fcberpr\u00fcfen, damit die Patienten wissen, dass wir nach denselben grundlegenden Richtlinien arbeiten.<\/li>\n<li>Bitte beantworten Sie die folgenden 20 Fragen mit JA oder NEIN &#8211; Sie m\u00fcssen alle 20 Fragen mit Ja beantworten, um zugelassen zu werden.  <\/li>\n<li>Sie k\u00f6nnen sich als Einzelperson oder als Klinik anmelden. Wenn Sie sich als Klinik anmelden, ist der Eigent\u00fcmer der Klinik daf\u00fcr verantwortlich, dass die gesamte Klinik die Aura-Richtlinien beachtet. <\/li>\n<li>Damit Sie und die Patienten wissen, was die grundlegenden Richtlinien sind, empfehlen wir Ihnen dringend, das Buch &#8222;Wie man Krebs und andere Krankheiten heilt&#8220; zu lesen, kurz nachdem Sie die Zulassung erhalten haben.  <\/li>\n<\/ul>\n\t\t\t\t\t\t\t\t<\/div>\n\t\t\t\t<\/div>\n\t\t\t\t\t<\/div>\n\t\t\t\t<\/div>\n\t\t\t\t<\/div>\n\t\t","protected":false},"excerpt":{"rendered":"<p>Screening Damit Sie als Therapeut Teil des Aura-Netzwerks werden k\u00f6nnen, m\u00fcssen wir Sie \u00fcberpr\u00fcfen, damit die Patienten wissen, dass wir nach denselben grundlegenden Richtlinien arbeiten. Bitte beantworten Sie die folgenden 20 Fragen mit JA oder NEIN &#8211; Sie m\u00fcssen alle 20 Fragen mit Ja beantworten, um zugelassen zu werden. Sie k\u00f6nnen sich als Einzelperson oder [&hellip;]<\/p>\n","protected":false},"author":1,"featured_media":0,"parent":0,"menu_order":0,"comment_status":"closed","ping_status":"closed","template":"","meta":{"_acf_changed":false,"_monsterinsights_skip_tracking":false,"_monsterinsights_sitenote_active":false,"_monsterinsights_sitenote_note":"","_monsterinsights_sitenote_category":0,"footnotes":""},"class_list":["post-6071","page","type-page","status-publish","hentry"],"acf":[],"aioseo_notices":[],"yoast_head":"<!-- This site is optimized with the Yoast SEO plugin v27.6 - https:\/\/yoast.com\/product\/yoast-seo-wordpress\/ -->\n<title>Therapeut werden | Aura Holistic Health Org.<\/title>\n<meta name=\"robots\" content=\"index, follow, max-snippet:-1, max-image-preview:large, max-video-preview:-1\" \/>\n<link rel=\"canonical\" href=\"https:\/\/www.auraholistichealth.org\/de\/therapeut-werden\/\" \/>\n<meta property=\"og:locale\" content=\"de_DE\" \/>\n<meta property=\"og:type\" content=\"article\" \/>\n<meta property=\"og:title\" content=\"Therapeut werden | Aura Holistic Health Org.\" \/>\n<meta property=\"og:description\" content=\"Screening Damit Sie als Therapeut Teil des Aura-Netzwerks werden k\u00f6nnen, m\u00fcssen wir Sie \u00fcberpr\u00fcfen, damit die Patienten wissen, dass wir nach denselben grundlegenden Richtlinien arbeiten. Bitte beantworten Sie die folgenden 20 Fragen mit JA oder NEIN &#8211; Sie m\u00fcssen alle 20 Fragen mit Ja beantworten, um zugelassen zu werden. Sie k\u00f6nnen sich als Einzelperson oder [&hellip;]\" \/>\n<meta property=\"og:url\" content=\"https:\/\/www.auraholistichealth.org\/de\/therapeut-werden\/\" \/>\n<meta property=\"og:site_name\" content=\"Aura Holistic Health Org.\" \/>\n<meta property=\"article:modified_time\" content=\"2024-10-22T14:43:10+00:00\" \/>\n<meta name=\"twitter:card\" content=\"summary_large_image\" \/>\n<meta name=\"twitter:label1\" content=\"Gesch\u00e4tzte Lesezeit\" \/>\n\t<meta name=\"twitter:data1\" content=\"3\u00a0Minuten\" \/>\n<script type=\"application\/ld+json\" class=\"yoast-schema-graph\">{\"@context\":\"https:\\\/\\\/schema.org\",\"@graph\":[{\"@type\":\"WebPage\",\"@id\":\"https:\\\/\\\/www.auraholistichealth.org\\\/de\\\/therapeut-werden\\\/\",\"url\":\"https:\\\/\\\/www.auraholistichealth.org\\\/de\\\/therapeut-werden\\\/\",\"name\":\"Therapeut werden | Aura Holistic Health Org.\",\"isPartOf\":{\"@id\":\"https:\\\/\\\/www.auraholistichealth.org\\\/#website\"},\"datePublished\":\"2023-07-12T10:05:10+00:00\",\"dateModified\":\"2024-10-22T14:43:10+00:00\",\"inLanguage\":\"de\",\"potentialAction\":[{\"@type\":\"ReadAction\",\"target\":[\"https:\\\/\\\/www.auraholistichealth.org\\\/de\\\/therapeut-werden\\\/\"]}]},{\"@type\":\"WebSite\",\"@id\":\"https:\\\/\\\/www.auraholistichealth.org\\\/#website\",\"url\":\"https:\\\/\\\/www.auraholistichealth.org\\\/\",\"name\":\"Aura Holistic Health Org.\",\"description\":\"Heal the world\",\"publisher\":{\"@id\":\"https:\\\/\\\/www.auraholistichealth.org\\\/#organization\"},\"potentialAction\":[{\"@type\":\"SearchAction\",\"target\":{\"@type\":\"EntryPoint\",\"urlTemplate\":\"https:\\\/\\\/www.auraholistichealth.org\\\/?s={search_term_string}\"},\"query-input\":{\"@type\":\"PropertyValueSpecification\",\"valueRequired\":true,\"valueName\":\"search_term_string\"}}],\"inLanguage\":\"de\"},{\"@type\":\"Organization\",\"@id\":\"https:\\\/\\\/www.auraholistichealth.org\\\/#organization\",\"name\":\"Aura Holistic Health Org.\",\"url\":\"https:\\\/\\\/www.auraholistichealth.org\\\/\",\"logo\":{\"@type\":\"ImageObject\",\"inLanguage\":\"de\",\"@id\":\"https:\\\/\\\/www.auraholistichealth.org\\\/#\\\/schema\\\/logo\\\/image\\\/\",\"url\":\"https:\\\/\\\/www.auraholistichealth.org\\\/wp-content\\\/uploads\\\/AURA-logotype-pay.svg\",\"contentUrl\":\"https:\\\/\\\/www.auraholistichealth.org\\\/wp-content\\\/uploads\\\/AURA-logotype-pay.svg\",\"width\":1445,\"height\":595,\"caption\":\"Aura Holistic Health Org.\"},\"image\":{\"@id\":\"https:\\\/\\\/www.auraholistichealth.org\\\/#\\\/schema\\\/logo\\\/image\\\/\"}}]}<\/script>\n<!-- \/ Yoast SEO plugin. -->","yoast_head_json":{"title":"Therapeut werden | Aura Holistic Health Org.","robots":{"index":"index","follow":"follow","max-snippet":"max-snippet:-1","max-image-preview":"max-image-preview:large","max-video-preview":"max-video-preview:-1"},"canonical":"https:\/\/www.auraholistichealth.org\/de\/therapeut-werden\/","og_locale":"de_DE","og_type":"article","og_title":"Therapeut werden | Aura Holistic Health Org.","og_description":"Screening Damit Sie als Therapeut Teil des Aura-Netzwerks werden k\u00f6nnen, m\u00fcssen wir Sie \u00fcberpr\u00fcfen, damit die Patienten wissen, dass wir nach denselben grundlegenden Richtlinien arbeiten. Bitte beantworten Sie die folgenden 20 Fragen mit JA oder NEIN &#8211; Sie m\u00fcssen alle 20 Fragen mit Ja beantworten, um zugelassen zu werden. Sie k\u00f6nnen sich als Einzelperson oder [&hellip;]","og_url":"https:\/\/www.auraholistichealth.org\/de\/therapeut-werden\/","og_site_name":"Aura Holistic Health Org.","article_modified_time":"2024-10-22T14:43:10+00:00","twitter_card":"summary_large_image","twitter_misc":{"Gesch\u00e4tzte Lesezeit":"3\u00a0Minuten"},"schema":{"@context":"https:\/\/schema.org","@graph":[{"@type":"WebPage","@id":"https:\/\/www.auraholistichealth.org\/de\/therapeut-werden\/","url":"https:\/\/www.auraholistichealth.org\/de\/therapeut-werden\/","name":"Therapeut werden | Aura Holistic Health Org.","isPartOf":{"@id":"https:\/\/www.auraholistichealth.org\/#website"},"datePublished":"2023-07-12T10:05:10+00:00","dateModified":"2024-10-22T14:43:10+00:00","inLanguage":"de","potentialAction":[{"@type":"ReadAction","target":["https:\/\/www.auraholistichealth.org\/de\/therapeut-werden\/"]}]},{"@type":"WebSite","@id":"https:\/\/www.auraholistichealth.org\/#website","url":"https:\/\/www.auraholistichealth.org\/","name":"Aura Holistic Health Org.","description":"Heal the world","publisher":{"@id":"https:\/\/www.auraholistichealth.org\/#organization"},"potentialAction":[{"@type":"SearchAction","target":{"@type":"EntryPoint","urlTemplate":"https:\/\/www.auraholistichealth.org\/?s={search_term_string}"},"query-input":{"@type":"PropertyValueSpecification","valueRequired":true,"valueName":"search_term_string"}}],"inLanguage":"de"},{"@type":"Organization","@id":"https:\/\/www.auraholistichealth.org\/#organization","name":"Aura Holistic Health Org.","url":"https:\/\/www.auraholistichealth.org\/","logo":{"@type":"ImageObject","inLanguage":"de","@id":"https:\/\/www.auraholistichealth.org\/#\/schema\/logo\/image\/","url":"https:\/\/www.auraholistichealth.org\/wp-content\/uploads\/AURA-logotype-pay.svg","contentUrl":"https:\/\/www.auraholistichealth.org\/wp-content\/uploads\/AURA-logotype-pay.svg","width":1445,"height":595,"caption":"Aura Holistic Health Org."},"image":{"@id":"https:\/\/www.auraholistichealth.org\/#\/schema\/logo\/image\/"}}]}},"_links":{"self":[{"href":"https:\/\/www.auraholistichealth.org\/de\/wp-json\/wp\/v2\/pages\/6071","targetHints":{"allow":["GET"]}}],"collection":[{"href":"https:\/\/www.auraholistichealth.org\/de\/wp-json\/wp\/v2\/pages"}],"about":[{"href":"https:\/\/www.auraholistichealth.org\/de\/wp-json\/wp\/v2\/types\/page"}],"author":[{"embeddable":true,"href":"https:\/\/www.auraholistichealth.org\/de\/wp-json\/wp\/v2\/users\/1"}],"replies":[{"embeddable":true,"href":"https:\/\/www.auraholistichealth.org\/de\/wp-json\/wp\/v2\/comments?post=6071"}],"version-history":[{"count":1,"href":"https:\/\/www.auraholistichealth.org\/de\/wp-json\/wp\/v2\/pages\/6071\/revisions"}],"predecessor-version":[{"id":6073,"href":"https:\/\/www.auraholistichealth.org\/de\/wp-json\/wp\/v2\/pages\/6071\/revisions\/6073"}],"wp:attachment":[{"href":"https:\/\/www.auraholistichealth.org\/de\/wp-json\/wp\/v2\/media?parent=6071"}],"curies":[{"name":"wp","href":"https:\/\/api.w.org\/{rel}","templated":true}]}}