{"id":6087,"date":"2019-12-30T13:31:16","date_gmt":"2019-12-30T12:31:16","guid":{"rendered":"https:\/\/www.auraholistichealth.org\/vilkaar-og-betingelser\/"},"modified":"2024-10-22T16:43:26","modified_gmt":"2024-10-22T14:43:26","slug":"vilkaar-og-betingelser","status":"publish","type":"page","link":"https:\/\/www.auraholistichealth.org\/da\/vilkaar-og-betingelser\/","title":{"rendered":"Vilk\u00e5r og betingelser"},"content":{"rendered":"\t\t<div data-elementor-type=\"wp-page\" data-elementor-id=\"6087\" class=\"elementor elementor-6087\" data-elementor-post-type=\"page\">\n\t\t\t\t<div class=\"elementor-element elementor-element-4a263bb e-flex e-con-boxed e-con e-parent\" data-id=\"4a263bb\" data-element_type=\"container\" data-e-type=\"container\" data-settings=\"{&quot;background_background&quot;:&quot;classic&quot;}\">\n\t\t\t\t\t<div class=\"e-con-inner\">\n\t\t<div class=\"elementor-element elementor-element-e3f4baa e-con-full e-flex e-con e-child\" data-id=\"e3f4baa\" data-element_type=\"container\" data-e-type=\"container\">\n\t\t\t\t<\/div>\n\t\t\t\t\t<\/div>\n\t\t\t\t<\/div>\n\t\t<div class=\"elementor-element elementor-element-5428c52 e-con-full e-flex e-con e-parent\" data-id=\"5428c52\" data-element_type=\"container\" data-e-type=\"container\" data-settings=\"{&quot;background_background&quot;:&quot;classic&quot;}\">\n\t\t<div class=\"elementor-element elementor-element-2a4c4b1 e-flex e-con-boxed e-con e-child\" data-id=\"2a4c4b1\" data-element_type=\"container\" data-e-type=\"container\">\n\t\t\t\t\t<div class=\"e-con-inner\">\n\t\t\t\t<div class=\"elementor-element elementor-element-4711734 elementor-widget elementor-widget-text-editor\" data-id=\"4711734\" data-element_type=\"widget\" data-e-type=\"widget\" data-widget_type=\"text-editor.default\">\n\t\t\t\t<div class=\"elementor-widget-container\">\n\t\t\t\t\t\t\t\t\t<h4>1.Introduktion<\/h4>\n<p>Velkommen til hjemmesiden for Aura Holistic Health Organization LTD (https:\/\/www.auraholistichealth.org\/). Disse handelsbetingelser (&#8220;Betingelser&#8221;) regulerer din brug af vores websted og tjenester, herunder k\u00f8b af varer gennem vores onlinebutik (Aura shop). L\u00e6s venligst disse vilk\u00e5r omhyggeligt, f\u00f8r du bruger vores hjemmeside eller foretager k\u00f8b. <\/p>\n<h4>2. accept af vilk\u00e5r<\/h4>\n<p>Ved at bruge vores websted eller foretage et k\u00f8b accepterer du disse vilk\u00e5r. Hvis du ikke er enig i nogen del af disse vilk\u00e5r, skal du ikke bruge vores websted. <\/p>\n<p>Vi forbeholder os ret til at \u00e6ndre disse vilk\u00e5r til enhver tid. Alle \u00e6ndringer tr\u00e6der i kraft fra det \u00f8jeblik, de offentligg\u00f8res p\u00e5 webstedet. Din fortsatte brug af webstedet, efter at \u00e6ndringerne er foretaget, udg\u00f8r din accept af de nye vilk\u00e5r.  <\/p>\n<h4>3. Beskrivelse af produkter<\/h4>\n<p>Vi fors\u00f8ger at give en s\u00e5 n\u00f8jagtig beskrivelse af vores produkter som muligt. Vi garanterer dog ikke, at produktbeskrivelser, priser eller andre oplysninger p\u00e5 webstedet er n\u00f8jagtige, fuldst\u00e6ndige, p\u00e5lidelige, aktuelle eller fejlfri. <\/p>\n<h4>4. Priser og betaling<\/h4>\n<p>Priserne p\u00e5 produkterne er angivet i den relevante valuta og kan \u00e6ndres uden forudg\u00e5ende varsel. Vi forbeholder os ret til at \u00e6ndre priserne til enhver tid. Betaling kan ske ved hj\u00e6lp af de betalingsmetoder, der er angivet p\u00e5 hjemmesiden. Alle betalinger skal foretages, f\u00f8r varerne afsendes.   <\/p>\n<h4>5. Orden<\/h4>\n<p>Din bestilling er et tilbud om at k\u00f8be et produkt, og vi forbeholder os ret til at acceptere eller afvise din bestilling uanset \u00e5rsag, herunder, men ikke begr\u00e6nset til, udsolgte produkter, fejl i produktpriser eller -beskrivelser eller betalingsproblemer.<\/p>\n<h4>6. Levering<\/h4>\n<p>Vi fors\u00f8ger at behandle og sende alle ordrer s\u00e5 hurtigt som muligt. Leveringstiden kan variere afh\u00e6ngigt af din placering og den valgte forsendelsesmetode. Alle leveringstider er omtrentlige og kan \u00e6ndres p\u00e5 grund af omst\u00e6ndigheder uden for vores kontrol.  <\/p>\n<h4>7. Returneringer og tilbagebetalinger<\/h4>\n<p>Hvis du ikke er tilfreds med dit k\u00f8b, kan du returnere produktet inden for 30 dage efter modtagelsen og f\u00e5 pengene tilbage eller bytte det. Produktet skal v\u00e6re i original stand med alle m\u00e6rker og emballage. Omkostningerne ved at returnere varerne refunderes ikke.  <\/p>\n<h4>8. Garantier og ansvar<\/h4>\n<p>Vi yder garanti p\u00e5 alle vores produkter i overensstemmelse med g\u00e6ldende lovgivning. Vores ansvar er begr\u00e6nset til det bel\u00f8b, der er betalt for produktet, og omfatter ikke indirekte skader, h\u00e6ndelige skader eller f\u00f8lgeskader. <\/p>\n<h4>9. Intellektuel ejendom<\/h4>\n<p>Alt indhold, herunder tekst, grafik, logoer, billeder, lyd og video, tilh\u00f8rer Aura Holistic Health Organization LTD eller vores licensgivere og er beskyttet af ophavsret og andre love om intellektuel ejendomsret.<\/p>\n<h4>10. Privatlivets fred<\/h4>\n<p>Din brug af vores websted er underlagt vores privatlivspolitik, som udg\u00f8r en del af disse handelsbetingelser. Se vores <a href=\"https:\/\/www.auraholistichealth.org\/privacy-policy\/\">fortrolighedspolitik<\/a> for at f\u00e5 flere oplysninger. <\/p>\n<h4>11. L\u00f8sning af tvister<\/h4>\n<p>Enhver tvist, der opst\u00e5r som f\u00f8lge af disse vilk\u00e5r eller din brug af vores websted, vil blive reguleret af EU-lovgivning og britisk lovgivning. Tvister med amerikanske forbrugere kan l\u00f8ses i overensstemmelse med amerikansk lovgivning og vil v\u00e6re underlagt de amerikanske domstoles eksklusive jurisdiktion. <\/p>\n<h4>12. Overholdelse af lovgivning<\/h4>\n<p>Vi overholder alle g\u00e6ldende love og regler for salg af varer og tjenesteydelser i EU, Storbritannien og USA, herunder f\u00f8derale og statslige forbrugerbeskyttelseslove.<\/p>\n<h4>13. Kontaktoplysninger<\/h4>\n<p>Hvis du har sp\u00f8rgsm\u00e5l eller kommentarer til disse handelsbetingelser, bedes du kontakte os:<\/p>\n<p>Aura Holistic Health Organisation LTD<br \/>112c High Street, Hadleigh,<br \/>Ipswich, England, IP7 5ELC.N.: 14863581 <br \/>Email: info@auraholistichealth.org<\/p>\n\t\t\t\t\t\t\t\t<\/div>\n\t\t\t\t<\/div>\n\t\t\t\t\t<\/div>\n\t\t\t\t<\/div>\n\t\t\t\t<\/div>\n\t\t<div class=\"elementor-element elementor-element-0117f46 e-flex e-con-boxed e-con e-parent\" data-id=\"0117f46\" data-element_type=\"container\" data-e-type=\"container\">\n\t\t\t\t\t<div class=\"e-con-inner\">\n\t\t\t\t\t<\/div>\n\t\t\t\t<\/div>\n\t\t\t\t<\/div>\n\t\t","protected":false},"excerpt":{"rendered":"<p>1.Introduktion Velkommen til hjemmesiden for Aura Holistic Health Organization LTD (https:\/\/www.auraholistichealth.org\/). Disse handelsbetingelser (&#8220;Betingelser&#8221;) regulerer din brug af vores websted og tjenester, herunder k\u00f8b af varer gennem vores onlinebutik (Aura shop). L\u00e6s venligst disse vilk\u00e5r omhyggeligt, f\u00f8r du bruger vores hjemmeside eller foretager k\u00f8b. 2. accept af vilk\u00e5r Ved at bruge vores websted eller foretage [&hellip;]<\/p>\n","protected":false},"author":1,"featured_media":0,"parent":0,"menu_order":0,"comment_status":"closed","ping_status":"closed","template":"","meta":{"_acf_changed":false,"_monsterinsights_skip_tracking":false,"_monsterinsights_sitenote_active":false,"_monsterinsights_sitenote_note":"","_monsterinsights_sitenote_category":0,"footnotes":""},"class_list":["post-6087","page","type-page","status-publish","hentry"],"acf":[],"aioseo_notices":[],"yoast_head":"<!-- This site is optimized with the Yoast SEO plugin v27.6 - https:\/\/yoast.com\/product\/yoast-seo-wordpress\/ -->\n<title>Vilk\u00e5r og betingelser | Aura Holistic Health Org.<\/title>\n<meta name=\"robots\" content=\"index, follow, max-snippet:-1, max-image-preview:large, max-video-preview:-1\" \/>\n<link rel=\"canonical\" href=\"https:\/\/www.auraholistichealth.org\/da\/vilkaar-og-betingelser\/\" \/>\n<meta property=\"og:locale\" content=\"da_DK\" \/>\n<meta property=\"og:type\" content=\"article\" \/>\n<meta property=\"og:title\" content=\"Vilk\u00e5r og betingelser | Aura Holistic Health Org.\" \/>\n<meta property=\"og:description\" content=\"1.Introduktion Velkommen til hjemmesiden for Aura Holistic Health Organization LTD (https:\/\/www.auraholistichealth.org\/). Disse handelsbetingelser (&#8220;Betingelser&#8221;) regulerer din brug af vores websted og tjenester, herunder k\u00f8b af varer gennem vores onlinebutik (Aura shop). L\u00e6s venligst disse vilk\u00e5r omhyggeligt, f\u00f8r du bruger vores hjemmeside eller foretager k\u00f8b. 2. accept af vilk\u00e5r Ved at bruge vores websted eller foretage [&hellip;]\" \/>\n<meta property=\"og:url\" content=\"https:\/\/www.auraholistichealth.org\/da\/vilkaar-og-betingelser\/\" \/>\n<meta property=\"og:site_name\" content=\"Aura Holistic Health Org.\" \/>\n<meta property=\"article:modified_time\" content=\"2024-10-22T14:43:26+00:00\" \/>\n<meta name=\"twitter:card\" content=\"summary_large_image\" \/>\n<meta name=\"twitter:label1\" content=\"Estimeret l\u00e6setid\" \/>\n\t<meta name=\"twitter:data1\" content=\"3 minutter\" \/>\n<script type=\"application\/ld+json\" class=\"yoast-schema-graph\">{\"@context\":\"https:\\\/\\\/schema.org\",\"@graph\":[{\"@type\":\"WebPage\",\"@id\":\"https:\\\/\\\/www.auraholistichealth.org\\\/da\\\/vilkaar-og-betingelser\\\/\",\"url\":\"https:\\\/\\\/www.auraholistichealth.org\\\/da\\\/vilkaar-og-betingelser\\\/\",\"name\":\"Vilk\u00e5r og betingelser | Aura Holistic Health Org.\",\"isPartOf\":{\"@id\":\"https:\\\/\\\/www.auraholistichealth.org\\\/#website\"},\"datePublished\":\"2019-12-30T12:31:16+00:00\",\"dateModified\":\"2024-10-22T14:43:26+00:00\",\"inLanguage\":\"da-DK\",\"potentialAction\":[{\"@type\":\"ReadAction\",\"target\":[\"https:\\\/\\\/www.auraholistichealth.org\\\/da\\\/vilkaar-og-betingelser\\\/\"]}]},{\"@type\":\"WebSite\",\"@id\":\"https:\\\/\\\/www.auraholistichealth.org\\\/#website\",\"url\":\"https:\\\/\\\/www.auraholistichealth.org\\\/\",\"name\":\"Aura Holistic Health Org.\",\"description\":\"Heal the world\",\"publisher\":{\"@id\":\"https:\\\/\\\/www.auraholistichealth.org\\\/#organization\"},\"potentialAction\":[{\"@type\":\"SearchAction\",\"target\":{\"@type\":\"EntryPoint\",\"urlTemplate\":\"https:\\\/\\\/www.auraholistichealth.org\\\/?s={search_term_string}\"},\"query-input\":{\"@type\":\"PropertyValueSpecification\",\"valueRequired\":true,\"valueName\":\"search_term_string\"}}],\"inLanguage\":\"da-DK\"},{\"@type\":\"Organization\",\"@id\":\"https:\\\/\\\/www.auraholistichealth.org\\\/#organization\",\"name\":\"Aura Holistic Health Org.\",\"url\":\"https:\\\/\\\/www.auraholistichealth.org\\\/\",\"logo\":{\"@type\":\"ImageObject\",\"inLanguage\":\"da-DK\",\"@id\":\"https:\\\/\\\/www.auraholistichealth.org\\\/#\\\/schema\\\/logo\\\/image\\\/\",\"url\":\"https:\\\/\\\/www.auraholistichealth.org\\\/wp-content\\\/uploads\\\/AURA-logotype-pay.svg\",\"contentUrl\":\"https:\\\/\\\/www.auraholistichealth.org\\\/wp-content\\\/uploads\\\/AURA-logotype-pay.svg\",\"width\":1445,\"height\":595,\"caption\":\"Aura Holistic Health Org.\"},\"image\":{\"@id\":\"https:\\\/\\\/www.auraholistichealth.org\\\/#\\\/schema\\\/logo\\\/image\\\/\"}}]}<\/script>\n<!-- \/ Yoast SEO plugin. -->","yoast_head_json":{"title":"Vilk\u00e5r og betingelser | Aura Holistic Health Org.","robots":{"index":"index","follow":"follow","max-snippet":"max-snippet:-1","max-image-preview":"max-image-preview:large","max-video-preview":"max-video-preview:-1"},"canonical":"https:\/\/www.auraholistichealth.org\/da\/vilkaar-og-betingelser\/","og_locale":"da_DK","og_type":"article","og_title":"Vilk\u00e5r og betingelser | Aura Holistic Health Org.","og_description":"1.Introduktion Velkommen til hjemmesiden for Aura Holistic Health Organization LTD (https:\/\/www.auraholistichealth.org\/). Disse handelsbetingelser (&#8220;Betingelser&#8221;) regulerer din brug af vores websted og tjenester, herunder k\u00f8b af varer gennem vores onlinebutik (Aura shop). L\u00e6s venligst disse vilk\u00e5r omhyggeligt, f\u00f8r du bruger vores hjemmeside eller foretager k\u00f8b. 2. accept af vilk\u00e5r Ved at bruge vores websted eller foretage [&hellip;]","og_url":"https:\/\/www.auraholistichealth.org\/da\/vilkaar-og-betingelser\/","og_site_name":"Aura Holistic Health Org.","article_modified_time":"2024-10-22T14:43:26+00:00","twitter_card":"summary_large_image","twitter_misc":{"Estimeret l\u00e6setid":"3 minutter"},"schema":{"@context":"https:\/\/schema.org","@graph":[{"@type":"WebPage","@id":"https:\/\/www.auraholistichealth.org\/da\/vilkaar-og-betingelser\/","url":"https:\/\/www.auraholistichealth.org\/da\/vilkaar-og-betingelser\/","name":"Vilk\u00e5r og betingelser | Aura Holistic Health Org.","isPartOf":{"@id":"https:\/\/www.auraholistichealth.org\/#website"},"datePublished":"2019-12-30T12:31:16+00:00","dateModified":"2024-10-22T14:43:26+00:00","inLanguage":"da-DK","potentialAction":[{"@type":"ReadAction","target":["https:\/\/www.auraholistichealth.org\/da\/vilkaar-og-betingelser\/"]}]},{"@type":"WebSite","@id":"https:\/\/www.auraholistichealth.org\/#website","url":"https:\/\/www.auraholistichealth.org\/","name":"Aura Holistic Health Org.","description":"Heal the world","publisher":{"@id":"https:\/\/www.auraholistichealth.org\/#organization"},"potentialAction":[{"@type":"SearchAction","target":{"@type":"EntryPoint","urlTemplate":"https:\/\/www.auraholistichealth.org\/?s={search_term_string}"},"query-input":{"@type":"PropertyValueSpecification","valueRequired":true,"valueName":"search_term_string"}}],"inLanguage":"da-DK"},{"@type":"Organization","@id":"https:\/\/www.auraholistichealth.org\/#organization","name":"Aura Holistic Health Org.","url":"https:\/\/www.auraholistichealth.org\/","logo":{"@type":"ImageObject","inLanguage":"da-DK","@id":"https:\/\/www.auraholistichealth.org\/#\/schema\/logo\/image\/","url":"https:\/\/www.auraholistichealth.org\/wp-content\/uploads\/AURA-logotype-pay.svg","contentUrl":"https:\/\/www.auraholistichealth.org\/wp-content\/uploads\/AURA-logotype-pay.svg","width":1445,"height":595,"caption":"Aura Holistic Health Org."},"image":{"@id":"https:\/\/www.auraholistichealth.org\/#\/schema\/logo\/image\/"}}]}},"_links":{"self":[{"href":"https:\/\/www.auraholistichealth.org\/da\/wp-json\/wp\/v2\/pages\/6087","targetHints":{"allow":["GET"]}}],"collection":[{"href":"https:\/\/www.auraholistichealth.org\/da\/wp-json\/wp\/v2\/pages"}],"about":[{"href":"https:\/\/www.auraholistichealth.org\/da\/wp-json\/wp\/v2\/types\/page"}],"author":[{"embeddable":true,"href":"https:\/\/www.auraholistichealth.org\/da\/wp-json\/wp\/v2\/users\/1"}],"replies":[{"embeddable":true,"href":"https:\/\/www.auraholistichealth.org\/da\/wp-json\/wp\/v2\/comments?post=6087"}],"version-history":[{"count":1,"href":"https:\/\/www.auraholistichealth.org\/da\/wp-json\/wp\/v2\/pages\/6087\/revisions"}],"predecessor-version":[{"id":6088,"href":"https:\/\/www.auraholistichealth.org\/da\/wp-json\/wp\/v2\/pages\/6087\/revisions\/6088"}],"wp:attachment":[{"href":"https:\/\/www.auraholistichealth.org\/da\/wp-json\/wp\/v2\/media?parent=6087"}],"curies":[{"name":"wp","href":"https:\/\/api.w.org\/{rel}","templated":true}]}}