{"id":6075,"date":"2023-07-12T12:05:10","date_gmt":"2023-07-12T10:05:10","guid":{"rendered":"https:\/\/www.auraholistichealth.org\/bliv-terapeut\/"},"modified":"2024-10-22T16:43:10","modified_gmt":"2024-10-22T14:43:10","slug":"bliv-terapeut","status":"publish","type":"page","link":"https:\/\/www.auraholistichealth.org\/da\/bliv-terapeut\/","title":{"rendered":"Bliv terapeut"},"content":{"rendered":"\t\t<div data-elementor-type=\"wp-page\" data-elementor-id=\"6075\" class=\"elementor elementor-6075\" data-elementor-post-type=\"page\">\n\t\t\t\t<div class=\"elementor-element elementor-element-ce1f776 e-flex e-con-boxed e-con e-parent\" data-id=\"ce1f776\" data-element_type=\"container\" data-e-type=\"container\">\n\t\t\t\t\t<div class=\"e-con-inner\">\n\t\t\t\t<div class=\"elementor-element elementor-element-2c387f7 elementor-widget elementor-widget-heading\" data-id=\"2c387f7\" data-element_type=\"widget\" data-e-type=\"widget\" data-widget_type=\"heading.default\">\n\t\t\t\t<div class=\"elementor-widget-container\">\n\t\t\t\t\t<h2 class=\"elementor-heading-title elementor-size-default\">Screening<\/h2>\t\t\t\t<\/div>\n\t\t\t\t<\/div>\n\t\t\t\t<div class=\"elementor-element elementor-element-57b7513 elementor-widget elementor-widget-text-editor\" data-id=\"57b7513\" data-element_type=\"widget\" data-e-type=\"widget\" data-widget_type=\"text-editor.default\">\n\t\t\t\t<div class=\"elementor-widget-container\">\n\t\t\t\t\t\t\t\t\t<\/p>\n<ul>\n<li>For at du som terapeut kan blive en del af Aura Network, er vi n\u00f8dt til at screene dig, s\u00e5 patienterne ved, at vi arbejder ud fra de samme grundl\u00e6ggende retningslinjer.<\/li>\n<li>Besvar venligst de 20 sp\u00f8rgsm\u00e5l nedenfor med JA eller NEJ &#8211; du skal sige ja til alle 20 sp\u00f8rgsm\u00e5l for at blive godkendt.  <\/li>\n<li>Du kan tilmelde dig som enkeltperson eller som klinik. Hvis du tilmelder dig som klinik, er det klinikejeren, der er ansvarlig for, at hele klinikken er opm\u00e6rksom p\u00e5 Auras retningslinjer. <\/li>\n<li>For at du og patienterne kan vide, hvad de grundl\u00e6ggende retningslinjer er, vil vi kraftigt anbefale, at du l\u00e6ser bogen &#8220;How to cure cancer and other diseases&#8221; kort efter, at du er blevet godkendt.  <\/li>\n<\/ul>\n\t\t\t\t\t\t\t\t<\/div>\n\t\t\t\t<\/div>\n\t\t\t\t\t<\/div>\n\t\t\t\t<\/div>\n\t\t\t\t<\/div>\n\t\t","protected":false},"excerpt":{"rendered":"<p>Screening For at du som terapeut kan blive en del af Aura Network, er vi n\u00f8dt til at screene dig, s\u00e5 patienterne ved, at vi arbejder ud fra de samme grundl\u00e6ggende retningslinjer. Besvar venligst de 20 sp\u00f8rgsm\u00e5l nedenfor med JA eller NEJ &#8211; du skal sige ja til alle 20 sp\u00f8rgsm\u00e5l for at blive godkendt. [&hellip;]<\/p>\n","protected":false},"author":1,"featured_media":0,"parent":0,"menu_order":0,"comment_status":"closed","ping_status":"closed","template":"","meta":{"_acf_changed":false,"_monsterinsights_skip_tracking":false,"_monsterinsights_sitenote_active":false,"_monsterinsights_sitenote_note":"","_monsterinsights_sitenote_category":0,"footnotes":""},"class_list":["post-6075","page","type-page","status-publish","hentry"],"acf":[],"aioseo_notices":[],"yoast_head":"<!-- This site is optimized with the Yoast SEO plugin v27.6 - https:\/\/yoast.com\/product\/yoast-seo-wordpress\/ -->\n<title>Bliv terapeut | Aura Holistic Health Org.<\/title>\n<meta name=\"robots\" content=\"index, follow, max-snippet:-1, max-image-preview:large, max-video-preview:-1\" \/>\n<link rel=\"canonical\" href=\"https:\/\/www.auraholistichealth.org\/da\/bliv-terapeut\/\" \/>\n<meta property=\"og:locale\" content=\"da_DK\" \/>\n<meta property=\"og:type\" content=\"article\" \/>\n<meta property=\"og:title\" content=\"Bliv terapeut | Aura Holistic Health Org.\" \/>\n<meta property=\"og:description\" content=\"Screening For at du som terapeut kan blive en del af Aura Network, er vi n\u00f8dt til at screene dig, s\u00e5 patienterne ved, at vi arbejder ud fra de samme grundl\u00e6ggende retningslinjer. Besvar venligst de 20 sp\u00f8rgsm\u00e5l nedenfor med JA eller NEJ &#8211; du skal sige ja til alle 20 sp\u00f8rgsm\u00e5l for at blive godkendt. [&hellip;]\" \/>\n<meta property=\"og:url\" content=\"https:\/\/www.auraholistichealth.org\/da\/bliv-terapeut\/\" \/>\n<meta property=\"og:site_name\" content=\"Aura Holistic Health Org.\" \/>\n<meta property=\"article:modified_time\" content=\"2024-10-22T14:43:10+00:00\" \/>\n<meta name=\"twitter:card\" content=\"summary_large_image\" \/>\n<meta name=\"twitter:label1\" content=\"Estimeret l\u00e6setid\" \/>\n\t<meta name=\"twitter:data1\" content=\"3 minutter\" \/>\n<script type=\"application\/ld+json\" class=\"yoast-schema-graph\">{\"@context\":\"https:\\\/\\\/schema.org\",\"@graph\":[{\"@type\":\"WebPage\",\"@id\":\"https:\\\/\\\/www.auraholistichealth.org\\\/da\\\/bliv-terapeut\\\/\",\"url\":\"https:\\\/\\\/www.auraholistichealth.org\\\/da\\\/bliv-terapeut\\\/\",\"name\":\"Bliv terapeut | Aura Holistic Health Org.\",\"isPartOf\":{\"@id\":\"https:\\\/\\\/www.auraholistichealth.org\\\/#website\"},\"datePublished\":\"2023-07-12T10:05:10+00:00\",\"dateModified\":\"2024-10-22T14:43:10+00:00\",\"inLanguage\":\"da-DK\",\"potentialAction\":[{\"@type\":\"ReadAction\",\"target\":[\"https:\\\/\\\/www.auraholistichealth.org\\\/da\\\/bliv-terapeut\\\/\"]}]},{\"@type\":\"WebSite\",\"@id\":\"https:\\\/\\\/www.auraholistichealth.org\\\/#website\",\"url\":\"https:\\\/\\\/www.auraholistichealth.org\\\/\",\"name\":\"Aura Holistic Health Org.\",\"description\":\"Heal the world\",\"publisher\":{\"@id\":\"https:\\\/\\\/www.auraholistichealth.org\\\/#organization\"},\"potentialAction\":[{\"@type\":\"SearchAction\",\"target\":{\"@type\":\"EntryPoint\",\"urlTemplate\":\"https:\\\/\\\/www.auraholistichealth.org\\\/?s={search_term_string}\"},\"query-input\":{\"@type\":\"PropertyValueSpecification\",\"valueRequired\":true,\"valueName\":\"search_term_string\"}}],\"inLanguage\":\"da-DK\"},{\"@type\":\"Organization\",\"@id\":\"https:\\\/\\\/www.auraholistichealth.org\\\/#organization\",\"name\":\"Aura Holistic Health Org.\",\"url\":\"https:\\\/\\\/www.auraholistichealth.org\\\/\",\"logo\":{\"@type\":\"ImageObject\",\"inLanguage\":\"da-DK\",\"@id\":\"https:\\\/\\\/www.auraholistichealth.org\\\/#\\\/schema\\\/logo\\\/image\\\/\",\"url\":\"https:\\\/\\\/www.auraholistichealth.org\\\/wp-content\\\/uploads\\\/AURA-logotype-pay.svg\",\"contentUrl\":\"https:\\\/\\\/www.auraholistichealth.org\\\/wp-content\\\/uploads\\\/AURA-logotype-pay.svg\",\"width\":1445,\"height\":595,\"caption\":\"Aura Holistic Health Org.\"},\"image\":{\"@id\":\"https:\\\/\\\/www.auraholistichealth.org\\\/#\\\/schema\\\/logo\\\/image\\\/\"}}]}<\/script>\n<!-- \/ Yoast SEO plugin. -->","yoast_head_json":{"title":"Bliv terapeut | Aura Holistic Health Org.","robots":{"index":"index","follow":"follow","max-snippet":"max-snippet:-1","max-image-preview":"max-image-preview:large","max-video-preview":"max-video-preview:-1"},"canonical":"https:\/\/www.auraholistichealth.org\/da\/bliv-terapeut\/","og_locale":"da_DK","og_type":"article","og_title":"Bliv terapeut | Aura Holistic Health Org.","og_description":"Screening For at du som terapeut kan blive en del af Aura Network, er vi n\u00f8dt til at screene dig, s\u00e5 patienterne ved, at vi arbejder ud fra de samme grundl\u00e6ggende retningslinjer. Besvar venligst de 20 sp\u00f8rgsm\u00e5l nedenfor med JA eller NEJ &#8211; du skal sige ja til alle 20 sp\u00f8rgsm\u00e5l for at blive godkendt. [&hellip;]","og_url":"https:\/\/www.auraholistichealth.org\/da\/bliv-terapeut\/","og_site_name":"Aura Holistic Health Org.","article_modified_time":"2024-10-22T14:43:10+00:00","twitter_card":"summary_large_image","twitter_misc":{"Estimeret l\u00e6setid":"3 minutter"},"schema":{"@context":"https:\/\/schema.org","@graph":[{"@type":"WebPage","@id":"https:\/\/www.auraholistichealth.org\/da\/bliv-terapeut\/","url":"https:\/\/www.auraholistichealth.org\/da\/bliv-terapeut\/","name":"Bliv terapeut | Aura Holistic Health Org.","isPartOf":{"@id":"https:\/\/www.auraholistichealth.org\/#website"},"datePublished":"2023-07-12T10:05:10+00:00","dateModified":"2024-10-22T14:43:10+00:00","inLanguage":"da-DK","potentialAction":[{"@type":"ReadAction","target":["https:\/\/www.auraholistichealth.org\/da\/bliv-terapeut\/"]}]},{"@type":"WebSite","@id":"https:\/\/www.auraholistichealth.org\/#website","url":"https:\/\/www.auraholistichealth.org\/","name":"Aura Holistic Health Org.","description":"Heal the world","publisher":{"@id":"https:\/\/www.auraholistichealth.org\/#organization"},"potentialAction":[{"@type":"SearchAction","target":{"@type":"EntryPoint","urlTemplate":"https:\/\/www.auraholistichealth.org\/?s={search_term_string}"},"query-input":{"@type":"PropertyValueSpecification","valueRequired":true,"valueName":"search_term_string"}}],"inLanguage":"da-DK"},{"@type":"Organization","@id":"https:\/\/www.auraholistichealth.org\/#organization","name":"Aura Holistic Health Org.","url":"https:\/\/www.auraholistichealth.org\/","logo":{"@type":"ImageObject","inLanguage":"da-DK","@id":"https:\/\/www.auraholistichealth.org\/#\/schema\/logo\/image\/","url":"https:\/\/www.auraholistichealth.org\/wp-content\/uploads\/AURA-logotype-pay.svg","contentUrl":"https:\/\/www.auraholistichealth.org\/wp-content\/uploads\/AURA-logotype-pay.svg","width":1445,"height":595,"caption":"Aura Holistic Health Org."},"image":{"@id":"https:\/\/www.auraholistichealth.org\/#\/schema\/logo\/image\/"}}]}},"_links":{"self":[{"href":"https:\/\/www.auraholistichealth.org\/da\/wp-json\/wp\/v2\/pages\/6075","targetHints":{"allow":["GET"]}}],"collection":[{"href":"https:\/\/www.auraholistichealth.org\/da\/wp-json\/wp\/v2\/pages"}],"about":[{"href":"https:\/\/www.auraholistichealth.org\/da\/wp-json\/wp\/v2\/types\/page"}],"author":[{"embeddable":true,"href":"https:\/\/www.auraholistichealth.org\/da\/wp-json\/wp\/v2\/users\/1"}],"replies":[{"embeddable":true,"href":"https:\/\/www.auraholistichealth.org\/da\/wp-json\/wp\/v2\/comments?post=6075"}],"version-history":[{"count":1,"href":"https:\/\/www.auraholistichealth.org\/da\/wp-json\/wp\/v2\/pages\/6075\/revisions"}],"predecessor-version":[{"id":6077,"href":"https:\/\/www.auraholistichealth.org\/da\/wp-json\/wp\/v2\/pages\/6075\/revisions\/6077"}],"wp:attachment":[{"href":"https:\/\/www.auraholistichealth.org\/da\/wp-json\/wp\/v2\/media?parent=6075"}],"curies":[{"name":"wp","href":"https:\/\/api.w.org\/{rel}","templated":true}]}}